{"id":4776,"date":"2024-06-03T19:37:55","date_gmt":"2024-06-03T19:37:55","guid":{"rendered":"https:\/\/wrote.be\/catalogo\/unkategorisiert\/piraten-und-schaetze\/"},"modified":"2024-06-03T19:37:56","modified_gmt":"2024-06-03T19:37:56","slug":"piraten-und-schaetze","status":"publish","type":"product","link":"https:\/\/wrote.be\/de\/catalogo\/malbuch\/piraten-und-schaetze\/","title":{"rendered":"Piraten und Sch\u00e4tze"},"content":{"rendered":"<h5>Begib dich auf ein spannendes Abenteuer mit unserem au\u00dfergew\u00f6hnlichen Piraten-Malbuch, das speziell f\u00fcr Kinder entworfen wurde!<\/h5>\n<p>Dieses au\u00dfergew\u00f6hnliche Buch bietet \u00fcber <strong>50 detaillierte Illustrationen<\/strong>, die alle darauf warten, entdeckt und ausgemalt zu werden. Junge K\u00fcnstler k\u00f6nnen in eine Welt voller versteckter Sch\u00e4tze, mysteri\u00f6ser Schiffe, exotischer Inseln und mutiger Charaktere eintauchen, die bereit sind, zu neuen und aufregenden Abenteuern aufzubrechen. Jede Seite erz\u00e4hlt eine Geschichte und regt die Fantasie und Kreativit\u00e4t der jungen Leser an, die ihre Tr\u00e4ume zum Leben erwecken k\u00f6nnen, indem sie lebendige Papageien, Truhen voller Goldm\u00fcnzen, geheime Karten und epische Piratenschlachten ausmalen.<\/p>\n<p>Perfekt f\u00fcr Stunden des lehrreichen Spa\u00dfes, ist unser Piraten-Malbuch ideal zur Entwicklung motorischer und k\u00fcnstlerischer F\u00e4higkeiten. Kinder k\u00f6nnen verschiedene Maltechniken erkunden und neue Farbkombinationen lernen, w\u00e4hrend sie in faszinierende Geschichten von Abenteuer und Mut eintauchen. Die detaillierten Illustrationen sind darauf ausgelegt, Pr\u00e4zision und Aufmerksamkeit f\u00fcr Details zu f\u00f6rdern, wodurch die Kleinen ihre Konzentration und Hand-Auge-Koordination verbessern k\u00f6nnen.<\/p>\n<p>Neben einer unersch\u00f6pflichen Quelle des Spa\u00dfes bietet dieses Malbuch auch eine Bildungschance, indem es Kinder in Konzepte wie das Leben auf See, die Geschichte der Piraten und die verschiedenen Kulturen der Meere einf\u00fchrt. Ein perfektes Geschenk f\u00fcr jeden kleinen Entdecker, wird dieses Malbuch ein wertvoller Schatz in der Bibliothek jedes Kindes sein, bereit, die Fantasie zu stimulieren und Stunden kreativer Abenteuer zu bieten.<\/p>\n<h5>Also, worauf wartest du?<\/h5>\n<p>Schnapp dir deine Farben, mach dich bereit, die Meere zu befahren, und entdecke die wunderbare Welt der Piraten mit unserem unglaublichen Malbuch!<\/p>\n<div style=\"margin-top: 30px;text-align: center\"><img decoding=\"async\" src=\"https:\/\/wrote.be\/wp-content\/uploads\/2024\/06\/zeldwstxzq_DE_contentA_1.jpg\" alt=\"zeldwstxzq_DE_contentA_1\" style=\"margin-bottom: 10px\" \/><\/div>\n<div style=\"text-align: center\"><img decoding=\"async\" src=\"https:\/\/wrote.be\/wp-content\/uploads\/2024\/06\/dbmobgqsjh_DE_contentA_2.jpg\" alt=\"dbmobgqsjh_DE_contentA_2\" style=\"margin-bottom: 10px\" \/><\/div>\n<div style=\"text-align: center\"><img decoding=\"async\" src=\"https:\/\/wrote.be\/wp-content\/uploads\/2024\/06\/wqklrfipkp_DE_contentA_3.jpg\" alt=\"wqklrfipkp_DE_contentA_3\" style=\"margin-bottom: 10px\" \/><\/div>\n","protected":false},"excerpt":{"rendered":"<p><strong><em>Begib dich in die faszinierende Welt der Piraten mit unserem unverzichtbaren Malbuch f\u00fcr Kinder!<\/em><\/strong><\/p>\n<p>Mit \u00fcber <strong>50 einzigartigen und detaillierten Illustrationen<\/strong> k\u00f6nnen junge K\u00fcnstler eine See voller versteckter Sch\u00e4tze, mysteri\u00f6ser Schiffe und exotischer Inseln erkunden. Jede Seite bietet ein neues Abenteuer zum Ausmalen, das Kreativit\u00e4t und Fantasie anregt.<\/p>\n<p>Ideal f\u00fcr Stunden des Spa\u00dfes und Lernens ist dieses Malbuch ein wahrer Schatz, den jeder kleine Pirat entdecken m\u00f6chte. Perfekt zur Entwicklung motorischer und k\u00fcnstlerischer F\u00e4higkeiten und zum Lernen mit Spa\u00df, ist es das ideale Geschenk f\u00fcr jeden jungen Entdecker.<\/p>\n","protected":false},"featured_media":4206,"comment_status":"open","ping_status":"closed","template":"","meta":{"_monsterinsights_skip_tracking":false,"_monsterinsights_sitenote_active":false,"_monsterinsights_sitenote_note":"","_monsterinsights_sitenote_category":0},"product_brand":[],"product_cat":[202],"product_tag":[],"class_list":{"0":"post-4776","1":"product","2":"type-product","3":"status-publish","4":"has-post-thumbnail","6":"product_cat-malbuch","8":"first","9":"instock","10":"shipping-taxable","11":"product-type-external"},"_links":{"self":[{"href":"https:\/\/wrote.be\/de\/wp-json\/wp\/v2\/product\/4776","targetHints":{"allow":["GET"]}}],"collection":[{"href":"https:\/\/wrote.be\/de\/wp-json\/wp\/v2\/product"}],"about":[{"href":"https:\/\/wrote.be\/de\/wp-json\/wp\/v2\/types\/product"}],"replies":[{"embeddable":true,"href":"https:\/\/wrote.be\/de\/wp-json\/wp\/v2\/comments?post=4776"}],"wp:featuredmedia":[{"embeddable":true,"href":"https:\/\/wrote.be\/de\/wp-json\/wp\/v2\/media\/4206"}],"wp:attachment":[{"href":"https:\/\/wrote.be\/de\/wp-json\/wp\/v2\/media?parent=4776"}],"wp:term":[{"taxonomy":"product_brand","embeddable":true,"href":"https:\/\/wrote.be\/de\/wp-json\/wp\/v2\/product_brand?post=4776"},{"taxonomy":"product_cat","embeddable":true,"href":"https:\/\/wrote.be\/de\/wp-json\/wp\/v2\/product_cat?post=4776"},{"taxonomy":"product_tag","embeddable":true,"href":"https:\/\/wrote.be\/de\/wp-json\/wp\/v2\/product_tag?post=4776"}],"curies":[{"name":"wp","href":"https:\/\/api.w.org\/{rel}","templated":true}]}}