{"id":5011,"date":"2024-06-03T21:14:41","date_gmt":"2024-06-03T21:14:41","guid":{"rendered":"https:\/\/wrote.be\/catalogo\/unkategorisiert\/arbeitsfahrzeuge\/"},"modified":"2024-06-03T21:24:39","modified_gmt":"2024-06-03T21:24:39","slug":"arbeitsfahrzeuge","status":"publish","type":"product","link":"https:\/\/wrote.be\/de\/catalogo\/malbuch\/arbeitsfahrzeuge\/","title":{"rendered":"Arbeitsfahrzeuge"},"content":{"rendered":"<h5>Entdecke die faszinierende Welt der gro\u00dfen Fahrzeuge mit unserem Malbuch, das Arbeitsfahrzeugen gewidmet ist<\/h5>\n<p>Diese exklusive Sammlung, mit <strong>80 sorgf\u00e4ltig ausgew\u00e4hlten Zeichnungen \u2014 50 gedruckt und 30 per digitalem Download erh\u00e4ltlich<\/strong> \u2014 bietet jungen K\u00fcnstlern die einzigartige Gelegenheit, eine Vielzahl von schweren Maschinen hautnah zu erleben und zu kolorieren.<\/p>\n<p>Schlie\u00dfe dich tausenden zufriedenen Eltern an und schenke deinen Kindern ein Buch, das sie nicht nur in produktive Aktivit\u00e4ten einbindet, sondern ihnen auch hilft, neue Leidenschaften und Interessen zu entdecken. Jede Malseite wird zu einer wertvollen Lektion in Entdeckung und Vorstellungskraft.<\/p>\n<p>W\u00e4hrend deine Kinder Spa\u00df daran haben, Bagger beim Heben und Lastwagen beim Transportieren zu kolorieren, entwickeln sie wichtige F\u00e4higkeiten wie Hand-Auge-Koordination, Bewegungspr\u00e4zision und Geduld. Aber das ist noch nicht alles: Jedes Fahrzeug wird von einer kurzen Beschreibung begleitet, die seine Funktion erkl\u00e4rt und den Wortschatz der Kleinen sowie ihr Verst\u00e4ndnis der realen Welt bereichert.<\/p>\n<p>Ideal zur F\u00f6rderung von Kreativit\u00e4t und Neugier bietet dieses Buch auch eine M\u00f6glichkeit f\u00fcr Eltern und Erzieher, sich mit den Kindern zu verbinden, indem sie die verschiedenen Fahrzeugtypen und ihre Anwendungen im Alltag besprechen. Es ist perfekt f\u00fcr ruhige Nachmittage, lange Reisen oder als Gruppenaktivit\u00e4t in Schulklassen.<\/p>\n<h5>Entz\u00fcnde die Vorstellungskraft deines Kindes und bereite dich darauf vor, Baustellenfahrzeuge wie nie zuvor zu sehen!<\/h5>\n<p>Mit jeder Seite wird dein kleiner K\u00fcnstler nicht nur malen, sondern eine Welt voller Abenteuer entdecken.<\/p>\n<h5>Bonus Digitaler Inhalt<\/h5>\n<p>Aber es gibt noch mehr! Mit dem Kauf des Buches schaltest du fantastische Bonus-Inhalte frei: 30 zus\u00e4tzliche Bilder, die bereit sind, heruntergeladen und koloriert zu werden. Dieser digitale Schatz erweitert die Sammlung erheblich, bereichert die kreative Erfahrung und bietet noch mehr M\u00f6glichkeiten zum Spa\u00df und Lernen. Lebendige und detaillierte Bilder warten darauf, entdeckt und in Kunstwerke verwandelt zu werden.<\/p>\n<h5>Verpasse nicht die Gelegenheit!<\/h5>\n<p>Erwecke diese beeindruckenden Fahrzeuge zum Leben. Kaufe jetzt und starte deine kreative Reise mit unserem Malbuch! Voller Spa\u00df, Bildung und Kreativit\u00e4t ist es das perfekte Geschenk f\u00fcr jeden jungen K\u00fcnstler, der die Welt der gro\u00dfen Arbeitsfahrzeuge erkunden m\u00f6chte.<\/p>\n\n\t\t\t<style type='text\/css'>\n\t\t\t\t#sc_gallery-1 {\n\t\t\t\t\tmargin: auto;\n\t\t\t\t}\n\t\t\t\t#sc_gallery-1 .gallery-item {\n\t\t\t\t\tfloat: left;\n\t\t\t\t\ttext-align: center;\n\t\t\t\t\twidth: 99.99%;\n\t\t\t\t}\n\t\t\t\t#sc_gallery-1 img {\n\t\t\t\t\tborder: 2px solid #cfcfcf;\n\t\t\t\t}\n\t\t\t\t\/* see sc_gallery() in functions\/theme-shortcodes.php *\/\n\t\t\t<\/style>\n\t\t<div id='sc_gallery-1' class='gallery galleryid-5011 gallery-columns-1 gallery-size-full none element_classes gallery-default'><dl class='gallery-item'  data-title='jvixbpkgaw_DE_contentA_1' data-description=''><div class='gallery-item-wrapper'>\n\t\t\t\t<dt class='gallery-icon landscape'>\n\t\t\t\t\t<img loading=\"lazy\" decoding=\"async\" width=\"970\" height=\"600\" src=\"https:\/\/wrote.be\/wp-content\/uploads\/2024\/06\/jvixbpkgaw_DE_contentA_1.jpg\" class=\"attachment-full size-full\" alt=\"\" srcset=\"https:\/\/wrote.be\/wp-content\/uploads\/2024\/06\/jvixbpkgaw_DE_contentA_1.jpg 970w, https:\/\/wrote.be\/wp-content\/uploads\/2024\/06\/jvixbpkgaw_DE_contentA_1-500x309.jpg 500w, https:\/\/wrote.be\/wp-content\/uploads\/2024\/06\/jvixbpkgaw_DE_contentA_1-300x186.jpg 300w, https:\/\/wrote.be\/wp-content\/uploads\/2024\/06\/jvixbpkgaw_DE_contentA_1-768x475.jpg 768w, https:\/\/wrote.be\/wp-content\/uploads\/2024\/06\/jvixbpkgaw_DE_contentA_1-121x75.jpg 121w, https:\/\/wrote.be\/wp-content\/uploads\/2024\/06\/jvixbpkgaw_DE_contentA_1-480x297.jpg 480w, https:\/\/wrote.be\/wp-content\/uploads\/2024\/06\/jvixbpkgaw_DE_contentA_1-800x495.jpg 800w\" sizes=\"auto, (max-width:767px) 480px, (max-width:970px) 100vw, 970px\" \/>\n\t\t\t\t<\/dt><\/div><\/dl><br style=\"clear: both\" \/><dl class='gallery-item'  data-title='jcpdkyoqpe_DE_contentA_2' data-description=''><div class='gallery-item-wrapper'>\n\t\t\t\t<dt class='gallery-icon landscape'>\n\t\t\t\t\t<img loading=\"lazy\" decoding=\"async\" width=\"970\" height=\"600\" src=\"https:\/\/wrote.be\/wp-content\/uploads\/2024\/06\/jcpdkyoqpe_DE_contentA_2.jpg\" class=\"attachment-full size-full\" alt=\"\" srcset=\"https:\/\/wrote.be\/wp-content\/uploads\/2024\/06\/jcpdkyoqpe_DE_contentA_2.jpg 970w, https:\/\/wrote.be\/wp-content\/uploads\/2024\/06\/jcpdkyoqpe_DE_contentA_2-500x309.jpg 500w, https:\/\/wrote.be\/wp-content\/uploads\/2024\/06\/jcpdkyoqpe_DE_contentA_2-300x186.jpg 300w, https:\/\/wrote.be\/wp-content\/uploads\/2024\/06\/jcpdkyoqpe_DE_contentA_2-768x475.jpg 768w, https:\/\/wrote.be\/wp-content\/uploads\/2024\/06\/jcpdkyoqpe_DE_contentA_2-121x75.jpg 121w, https:\/\/wrote.be\/wp-content\/uploads\/2024\/06\/jcpdkyoqpe_DE_contentA_2-480x297.jpg 480w, https:\/\/wrote.be\/wp-content\/uploads\/2024\/06\/jcpdkyoqpe_DE_contentA_2-800x495.jpg 800w\" sizes=\"auto, (max-width:767px) 480px, (max-width:970px) 100vw, 970px\" \/>\n\t\t\t\t<\/dt><\/div><\/dl><br style=\"clear: both\" \/><dl class='gallery-item'  data-title='ujooydpwak_DE_contentA_3' data-description=''><div class='gallery-item-wrapper'>\n\t\t\t\t<dt class='gallery-icon landscape'>\n\t\t\t\t\t<img loading=\"lazy\" decoding=\"async\" width=\"970\" height=\"600\" src=\"https:\/\/wrote.be\/wp-content\/uploads\/2024\/06\/ujooydpwak_DE_contentA_3.jpg\" class=\"attachment-full size-full\" alt=\"\" srcset=\"https:\/\/wrote.be\/wp-content\/uploads\/2024\/06\/ujooydpwak_DE_contentA_3.jpg 970w, https:\/\/wrote.be\/wp-content\/uploads\/2024\/06\/ujooydpwak_DE_contentA_3-500x309.jpg 500w, https:\/\/wrote.be\/wp-content\/uploads\/2024\/06\/ujooydpwak_DE_contentA_3-300x186.jpg 300w, https:\/\/wrote.be\/wp-content\/uploads\/2024\/06\/ujooydpwak_DE_contentA_3-768x475.jpg 768w, https:\/\/wrote.be\/wp-content\/uploads\/2024\/06\/ujooydpwak_DE_contentA_3-121x75.jpg 121w, https:\/\/wrote.be\/wp-content\/uploads\/2024\/06\/ujooydpwak_DE_contentA_3-480x297.jpg 480w, https:\/\/wrote.be\/wp-content\/uploads\/2024\/06\/ujooydpwak_DE_contentA_3-800x495.jpg 800w\" sizes=\"auto, (max-width:767px) 480px, (max-width:970px) 100vw, 970px\" \/>\n\t\t\t\t<\/dt><\/div><\/dl><br style=\"clear: both\" \/>\n\t\t\t<\/div>\n\n","protected":false},"excerpt":{"rendered":"<p><strong><em>Das perfekte Geschenk f\u00fcr junge K\u00fcnstler und Fahrzeugliebhaber!<\/em><\/strong><\/p>\n<p>Entdecke die Welt der gro\u00dfen Arbeitsfahrzeuge mit unserem Malbuch, das Lkw, Traktoren und Bagger gewidmet ist. Klicke auf das Cover, um einen Blick ins Innere zu werfen!<\/p>\n<p><strong>50 ganzseitige Zeichnungen faszinierender Fahrzeuge + 30 BONUS-Inhalte<\/strong><\/p>\n<p>Gedruckt auf wei\u00dfem Papier im Gro\u00dfformat 21,0 cm x 29,7 cm (8,3 x 11,7 Zoll)<\/p>\n<p>Perfekt zum Ausmalen mit Buntstiften, Farbstiften oder Farbstiften<\/p>\n<p>Detaillierte Zeichnungen, die f\u00fcr Kinder von 4 bis 8 Jahren geeignet sind<\/p>\n<p>Perfekt f\u00fcr Geburtstage, Feiertage und besondere Anl\u00e4sse!<\/p>\n<p><strong>Verpasse nicht die Gelegenheit, deinen kleinen K\u00fcnstlern Stunden voller Spa\u00df und Kreativit\u00e4t zu schenken! Kaufe jetzt und starte das bunte Abenteuer!<\/strong><\/p>\n","protected":false},"featured_media":5001,"comment_status":"open","ping_status":"closed","template":"","meta":{"_monsterinsights_skip_tracking":false,"_monsterinsights_sitenote_active":false,"_monsterinsights_sitenote_note":"","_monsterinsights_sitenote_category":0},"product_brand":[],"product_cat":[202],"product_tag":[],"class_list":{"0":"post-5011","1":"product","2":"type-product","3":"status-publish","4":"has-post-thumbnail","6":"product_cat-malbuch","8":"first","9":"instock","10":"shipping-taxable","11":"product-type-external"},"_links":{"self":[{"href":"https:\/\/wrote.be\/de\/wp-json\/wp\/v2\/product\/5011","targetHints":{"allow":["GET"]}}],"collection":[{"href":"https:\/\/wrote.be\/de\/wp-json\/wp\/v2\/product"}],"about":[{"href":"https:\/\/wrote.be\/de\/wp-json\/wp\/v2\/types\/product"}],"replies":[{"embeddable":true,"href":"https:\/\/wrote.be\/de\/wp-json\/wp\/v2\/comments?post=5011"}],"wp:featuredmedia":[{"embeddable":true,"href":"https:\/\/wrote.be\/de\/wp-json\/wp\/v2\/media\/5001"}],"wp:attachment":[{"href":"https:\/\/wrote.be\/de\/wp-json\/wp\/v2\/media?parent=5011"}],"wp:term":[{"taxonomy":"product_brand","embeddable":true,"href":"https:\/\/wrote.be\/de\/wp-json\/wp\/v2\/product_brand?post=5011"},{"taxonomy":"product_cat","embeddable":true,"href":"https:\/\/wrote.be\/de\/wp-json\/wp\/v2\/product_cat?post=5011"},{"taxonomy":"product_tag","embeddable":true,"href":"https:\/\/wrote.be\/de\/wp-json\/wp\/v2\/product_tag?post=5011"}],"curies":[{"name":"wp","href":"https:\/\/api.w.org\/{rel}","templated":true}]}}