{"id":5257,"date":"2024-06-04T09:05:07","date_gmt":"2024-06-04T09:05:07","guid":{"rendered":"https:\/\/wrote.be\/catalogo\/unkategorisiert\/dinosaurier\/"},"modified":"2024-06-04T09:13:29","modified_gmt":"2024-06-04T09:13:29","slug":"dinosaurier","status":"publish","type":"product","link":"https:\/\/wrote.be\/de\/catalogo\/malbuch\/dinosaurier\/","title":{"rendered":"Dinosaurier"},"content":{"rendered":"<h5><strong>Eine au\u00dfergew\u00f6hnliche Reise wartet auf junge K\u00fcnstler!<\/strong><\/h5>\n<p>Willkommen an Bord unseres Dinosaurier-Malbuchs, wo jede Seite ein neues Abenteuer in der pr\u00e4historischen Welt ist. Dieses Buch wurde entwickelt, um die Kreativit\u00e4t und Vorstellungskraft von Kindern zu f\u00f6rdern, und bietet eine Vielzahl von detaillierten Szenen, die die Magie und Aufregung der Dinosaurier-\u00c4ra einfangen.<\/p>\n<p><strong>\ud83c\udf1f Warum dieses Buch besonders ist:<\/strong><\/p>\n<ul>\n<li><strong>Vielfalt an Designs:<\/strong> Von m\u00e4chtigen T-Rexen bis hin zu majest\u00e4tischen Brontosauriern bietet jede Seite eine neue Gelegenheit zum Lernen und Spa\u00df haben.<\/li>\n<li><strong>Bildend und unterhaltsam:<\/strong> Jede Illustration wird von interessanten Fakten und lustigen Trivia \u00fcber Dinosaurier begleitet, was das Lernen zu einem spannenden Abenteuer macht.<\/li>\n<li><strong>F\u00f6rdert die Kreativit\u00e4t:<\/strong> Ermutigt Kinder, ihre Fantasie zu nutzen und eine Vielzahl von Farben und Maltechniken zu erkunden.<\/li>\n<li><strong>Geeignet f\u00fcr alle Altersgruppen:<\/strong> Perfekt f\u00fcr Kinder jeden Alters, von kleinen Kindern, die das Malen lernen, bis hin zu \u00e4lteren Kindern, die detaillierte Motive lieben.<\/li>\n<\/ul>\n<p><em>Unser Dinosaurier-Malbuch ist der perfekte Begleiter f\u00fcr junge Abenteurer, die die pr\u00e4historische Welt erkunden m\u00f6chten. Kaufe jetzt und schenke deinen Kindern eine unvergessliche Reise durch die magische Welt der Dinosaurier!<\/em><\/p>\n<p><strong>Bist du bereit zu beginnen? Schnall dich an und fang an zu malen! \ud83e\udd95\ud83c\udfa8<\/strong><\/p>\n<p>&nbsp;<\/p>\n\n\t\t\t<style type='text\/css'>\n\t\t\t\t#sc_gallery-1 {\n\t\t\t\t\tmargin: auto;\n\t\t\t\t}\n\t\t\t\t#sc_gallery-1 .gallery-item {\n\t\t\t\t\tfloat: left;\n\t\t\t\t\ttext-align: center;\n\t\t\t\t\twidth: 99.99%;\n\t\t\t\t}\n\t\t\t\t#sc_gallery-1 img {\n\t\t\t\t\tborder: 2px solid #cfcfcf;\n\t\t\t\t}\n\t\t\t\t\/* see sc_gallery() in functions\/theme-shortcodes.php *\/\n\t\t\t<\/style>\n\t\t<div id='sc_gallery-1' class='gallery galleryid-5257 gallery-columns-1 gallery-size-full none element_classes gallery-default'><dl class='gallery-item'  data-title='mrssravhch_DE_contentA_1' data-description=''><div class='gallery-item-wrapper'>\n\t\t\t\t<dt class='gallery-icon landscape'>\n\t\t\t\t\t<img loading=\"lazy\" decoding=\"async\" width=\"970\" height=\"600\" src=\"https:\/\/wrote.be\/wp-content\/uploads\/2024\/06\/mrssravhch_DE_contentA_1.jpg\" class=\"attachment-full size-full\" alt=\"\" srcset=\"https:\/\/wrote.be\/wp-content\/uploads\/2024\/06\/mrssravhch_DE_contentA_1.jpg 970w, https:\/\/wrote.be\/wp-content\/uploads\/2024\/06\/mrssravhch_DE_contentA_1-500x309.jpg 500w, https:\/\/wrote.be\/wp-content\/uploads\/2024\/06\/mrssravhch_DE_contentA_1-300x186.jpg 300w, https:\/\/wrote.be\/wp-content\/uploads\/2024\/06\/mrssravhch_DE_contentA_1-768x475.jpg 768w, https:\/\/wrote.be\/wp-content\/uploads\/2024\/06\/mrssravhch_DE_contentA_1-121x75.jpg 121w, https:\/\/wrote.be\/wp-content\/uploads\/2024\/06\/mrssravhch_DE_contentA_1-480x297.jpg 480w, https:\/\/wrote.be\/wp-content\/uploads\/2024\/06\/mrssravhch_DE_contentA_1-800x495.jpg 800w\" sizes=\"auto, (max-width:767px) 480px, (max-width:970px) 100vw, 970px\" \/>\n\t\t\t\t<\/dt><\/div><\/dl><br style=\"clear: both\" \/><dl class='gallery-item'  data-title='aqvngkjoju_DE_contentA_2' data-description=''><div class='gallery-item-wrapper'>\n\t\t\t\t<dt class='gallery-icon landscape'>\n\t\t\t\t\t<img loading=\"lazy\" decoding=\"async\" width=\"970\" height=\"600\" src=\"https:\/\/wrote.be\/wp-content\/uploads\/2024\/06\/aqvngkjoju_DE_contentA_2.jpg\" class=\"attachment-full size-full\" alt=\"\" srcset=\"https:\/\/wrote.be\/wp-content\/uploads\/2024\/06\/aqvngkjoju_DE_contentA_2.jpg 970w, https:\/\/wrote.be\/wp-content\/uploads\/2024\/06\/aqvngkjoju_DE_contentA_2-500x309.jpg 500w, https:\/\/wrote.be\/wp-content\/uploads\/2024\/06\/aqvngkjoju_DE_contentA_2-300x186.jpg 300w, https:\/\/wrote.be\/wp-content\/uploads\/2024\/06\/aqvngkjoju_DE_contentA_2-768x475.jpg 768w, https:\/\/wrote.be\/wp-content\/uploads\/2024\/06\/aqvngkjoju_DE_contentA_2-121x75.jpg 121w, https:\/\/wrote.be\/wp-content\/uploads\/2024\/06\/aqvngkjoju_DE_contentA_2-480x297.jpg 480w, https:\/\/wrote.be\/wp-content\/uploads\/2024\/06\/aqvngkjoju_DE_contentA_2-800x495.jpg 800w\" sizes=\"auto, (max-width:767px) 480px, (max-width:970px) 100vw, 970px\" \/>\n\t\t\t\t<\/dt><\/div><\/dl><br style=\"clear: both\" \/><dl class='gallery-item'  data-title='kxbbmjtkht_DE_contentA_3' data-description=''><div class='gallery-item-wrapper'>\n\t\t\t\t<dt class='gallery-icon landscape'>\n\t\t\t\t\t<img loading=\"lazy\" decoding=\"async\" width=\"970\" height=\"600\" src=\"https:\/\/wrote.be\/wp-content\/uploads\/2024\/06\/kxbbmjtkht_DE_contentA_3.jpg\" class=\"attachment-full size-full\" alt=\"\" srcset=\"https:\/\/wrote.be\/wp-content\/uploads\/2024\/06\/kxbbmjtkht_DE_contentA_3.jpg 970w, https:\/\/wrote.be\/wp-content\/uploads\/2024\/06\/kxbbmjtkht_DE_contentA_3-500x309.jpg 500w, https:\/\/wrote.be\/wp-content\/uploads\/2024\/06\/kxbbmjtkht_DE_contentA_3-300x186.jpg 300w, https:\/\/wrote.be\/wp-content\/uploads\/2024\/06\/kxbbmjtkht_DE_contentA_3-768x475.jpg 768w, https:\/\/wrote.be\/wp-content\/uploads\/2024\/06\/kxbbmjtkht_DE_contentA_3-121x75.jpg 121w, https:\/\/wrote.be\/wp-content\/uploads\/2024\/06\/kxbbmjtkht_DE_contentA_3-480x297.jpg 480w, https:\/\/wrote.be\/wp-content\/uploads\/2024\/06\/kxbbmjtkht_DE_contentA_3-800x495.jpg 800w\" sizes=\"auto, (max-width:767px) 480px, (max-width:970px) 100vw, 970px\" \/>\n\t\t\t\t<\/dt><\/div><\/dl><br style=\"clear: both\" \/>\n\t\t\t<\/div>\n\n","protected":false},"excerpt":{"rendered":"<p><strong>Entdecke die magische Welt der Dinosaurier!<\/strong> \ud83e\udd95\u2728 Entdecke ein einzigartiges Malbuch, das junge K\u00fcnstler auf eine faszinierende Reise durch die Welt der Dinosaurier mitnimmt. Dieses Buch wurde entwickelt, um die Kreativit\u00e4t von Kindern zu f\u00f6rdern, und bietet eine Vielzahl von detaillierten Szenen, die die Magie und Aufregung der pr\u00e4historischen \u00c4ra einfangen. Von m\u00e4chtigen T-Rexen bis hin zu majest\u00e4tischen Brontosauriern bietet jede Seite eine neue Gelegenheit zum Lernen und Spa\u00df haben. Jede Illustration wird von interessanten Fakten und lustigen Trivia \u00fcber Dinosaurier begleitet, was das Lernen zu einem spannenden Abenteuer macht. Perfekt f\u00fcr Kinder jeden Alters, von kleinen Kindern, die das Malen lernen, bis hin zu \u00e4lteren Kindern, die detaillierte Motive lieben. Ermutige deine Kinder, ihre Fantasie zu nutzen und eine Vielzahl von Farben und Maltechniken zu erkunden. Kaufe jetzt und schenke deinen Kindern eine unvergessliche Reise durch die magische Welt der Dinosaurier!<\/p>\n","protected":false},"featured_media":5247,"comment_status":"open","ping_status":"closed","template":"","meta":{"_monsterinsights_skip_tracking":false,"_monsterinsights_sitenote_active":false,"_monsterinsights_sitenote_note":"","_monsterinsights_sitenote_category":0},"product_brand":[],"product_cat":[202],"product_tag":[],"class_list":{"0":"post-5257","1":"product","2":"type-product","3":"status-publish","4":"has-post-thumbnail","6":"product_cat-malbuch","8":"first","9":"instock","10":"shipping-taxable","11":"product-type-external"},"_links":{"self":[{"href":"https:\/\/wrote.be\/de\/wp-json\/wp\/v2\/product\/5257","targetHints":{"allow":["GET"]}}],"collection":[{"href":"https:\/\/wrote.be\/de\/wp-json\/wp\/v2\/product"}],"about":[{"href":"https:\/\/wrote.be\/de\/wp-json\/wp\/v2\/types\/product"}],"replies":[{"embeddable":true,"href":"https:\/\/wrote.be\/de\/wp-json\/wp\/v2\/comments?post=5257"}],"wp:featuredmedia":[{"embeddable":true,"href":"https:\/\/wrote.be\/de\/wp-json\/wp\/v2\/media\/5247"}],"wp:attachment":[{"href":"https:\/\/wrote.be\/de\/wp-json\/wp\/v2\/media?parent=5257"}],"wp:term":[{"taxonomy":"product_brand","embeddable":true,"href":"https:\/\/wrote.be\/de\/wp-json\/wp\/v2\/product_brand?post=5257"},{"taxonomy":"product_cat","embeddable":true,"href":"https:\/\/wrote.be\/de\/wp-json\/wp\/v2\/product_cat?post=5257"},{"taxonomy":"product_tag","embeddable":true,"href":"https:\/\/wrote.be\/de\/wp-json\/wp\/v2\/product_tag?post=5257"}],"curies":[{"name":"wp","href":"https:\/\/api.w.org\/{rel}","templated":true}]}}