{"id":6129,"date":"2024-06-04T20:10:58","date_gmt":"2024-06-04T20:10:58","guid":{"rendered":"https:\/\/wrote.be\/catalogo\/unkategorisiert\/schoene-blumen\/"},"modified":"2024-06-04T20:10:58","modified_gmt":"2024-06-04T20:10:58","slug":"schoene-blumen","status":"publish","type":"product","link":"https:\/\/wrote.be\/de\/catalogo\/malbuch\/schoene-blumen\/","title":{"rendered":"Sch\u00f6ne Blumen"},"content":{"rendered":"<h5>\ud83c\udf38 Entdecke die fantastische Welt der Blumen mit unserem bezaubernden Malbuch \ud83c\udf37\ud83c\udf3b<\/h5>\n<p>Diese exklusive Sammlung, mit <strong>sorgf\u00e4ltig ausgew\u00e4hlten Zeichnungen \u2014 gedruckt und per digitalem Download erh\u00e4ltlich<\/strong> \u2014 bietet Blumenliebhabern jeden Alters die einzigartige Gelegenheit, eine Vielzahl von Blumen und botanischen Landschaften hautnah zu erleben und zu kolorieren.<\/p>\n<p>Schlie\u00dfe dich tausenden zufriedenen Menschen an und schenke dir selbst oder deinen Lieben ein Buch, das dich nicht nur in entspannende und produktive Aktivit\u00e4ten einbindet, sondern dir auch hilft, neue Leidenschaften und Interessen zu entdecken. Jede Malseite wird zu einer wertvollen Lektion in Entdeckung und Vorstellungskraft. \ud83c\udf1f<\/p>\n<p>W\u00e4hrend du Spa\u00df daran hast, elegante Rosen, lebendige Tulpen und Felder von Sonnenblumen zu kolorieren, entwickelst du wichtige F\u00e4higkeiten wie Hand-Auge-Koordination, Bewegungspr\u00e4zision und Geduld. Aber das ist noch nicht alles: Jede Illustration wird von einer kurzen Beschreibung begleitet, die ihre Merkmale erkl\u00e4rt und den Wortschatz sowie das Verst\u00e4ndnis der botanischen Welt bereichert. \ud83d\udcd6\u2728<\/p>\n<p>Ideal zur F\u00f6rderung von Kreativit\u00e4t und Neugier bietet dieses Buch auch eine M\u00f6glichkeit f\u00fcr Eltern und Kinder, Lehrer und Sch\u00fcler, sich zu verbinden, indem sie die verschiedenen Arten von Blumen und ihre Lebensr\u00e4ume besprechen. Es ist perfekt f\u00fcr ruhige Nachmittage, lange Reisen oder Gruppenaktivit\u00e4ten. \ud83c\udfde\ufe0f\ud83c\udf3a<\/p>\n<h5>\u2728 Entz\u00fcnde deine Vorstellungskraft und bereite dich darauf vor, die fantastische Welt der Blumen wie nie zuvor zu erkunden! \u2728<\/h5>\n<p>Mit jeder Seite wirst du nicht nur malen, sondern eine Welt voller Sch\u00f6nheit und Ruhe entdecken. \ud83c\udf3c<\/p>\n<h5>\ud83c\udf1f Bonus Digitaler Inhalt \ud83c\udf1f<\/h5>\n<p>Aber es gibt noch mehr! Mit dem Kauf des Buches schaltest du fantastische Bonus-Inhalte frei: zus\u00e4tzliche Bilder, die bereit sind, heruntergeladen und koloriert zu werden. Dieser digitale Schatz erweitert die Sammlung erheblich, bereichert die kreative Erfahrung und bietet noch mehr M\u00f6glichkeiten zum Spa\u00df und zur Entspannung. Lebendige und detaillierte Bilder warten darauf, entdeckt und in Kunstwerke verwandelt zu werden. \ud83d\uddbc\ufe0f\u2728<\/p>\n<h5>Verpasse nicht die Gelegenheit!<\/h5>\n<p>Erwecke diese wunderbaren Blumen zum Leben. Kaufe jetzt und starte deine kreative Reise mit unserem Malbuch! Voller Spa\u00df, Bildung und Kreativit\u00e4t ist es das perfekte Geschenk f\u00fcr jeden, der die Welt der Blumen erkunden m\u00f6chte. \ud83c\udfa8\u2728<\/p>\n<div style=\"margin-top: 30px;text-align: center\"><img decoding=\"async\" src=\"https:\/\/wrote.be\/wp-content\/uploads\/2024\/06\/ejfbzklnci_DE_contentA_1.jpg\" alt=\"ejfbzklnci_DE_contentA_1\" style=\"margin-bottom: 10px\" \/><\/div>\n<div style=\"text-align: center\"><img decoding=\"async\" src=\"https:\/\/wrote.be\/wp-content\/uploads\/2024\/06\/gcsnqmtpin_DE_contentA_2.jpg\" alt=\"gcsnqmtpin_DE_contentA_2\" style=\"margin-bottom: 10px\" \/><\/div>\n<div style=\"text-align: center\"><img decoding=\"async\" src=\"https:\/\/wrote.be\/wp-content\/uploads\/2024\/06\/mgecvufjnl_DE_contentA_3.jpg\" alt=\"mgecvufjnl_DE_contentA_3\" style=\"margin-bottom: 10px\" \/><\/div>\n","protected":false},"excerpt":{"rendered":"<p><strong><em>\ud83c\udf38 Das perfekte Geschenk f\u00fcr Blumenliebhaber jeden Alters! \ud83c\udf3c<\/em><\/strong><\/p>\n<p>Entdecke die faszinierende Welt der Blumen mit unserem bezaubernden Malbuch. Klicke auf das Cover, um einen Blick ins Innere zu werfen! \ud83c\udf37\ud83c\udf3b<\/p>\n<p><strong>Ganzseitige Zeichnungen wunderbarer Blumen + BONUS-Inhalt \u2728<\/strong><\/p>\n<p>Gedruckt auf wei\u00dfem Papier im Gro\u00dfformat 21,0 cm x 29,7 cm (8,3 x 11,7 Zoll)<\/p>\n<p>Perfekt zum Ausmalen mit Buntstiften, Farbstiften oder Farbstiften<\/p>\n<p>Geeignet f\u00fcr alle Altersgruppen, von Kindern bis zu Erwachsenen<\/p>\n<p>Perfekt f\u00fcr Geburtstage, Feiertage und besondere Anl\u00e4sse! \ud83c\udf89\ud83c\udf81<\/p>\n<p><strong>Verpasse nicht die Gelegenheit, Stunden voller Entspannung und Kreativit\u00e4t zu verschenken! Kaufe jetzt und starte das bunte Abenteuer! \ud83c\udf3c\ud83c\udf38<\/strong><\/p>\n","protected":false},"featured_media":5928,"comment_status":"open","ping_status":"closed","template":"","meta":{"_monsterinsights_skip_tracking":false,"_monsterinsights_sitenote_active":false,"_monsterinsights_sitenote_note":"","_monsterinsights_sitenote_category":0},"product_brand":[],"product_cat":[202],"product_tag":[],"class_list":{"0":"post-6129","1":"product","2":"type-product","3":"status-publish","4":"has-post-thumbnail","6":"product_cat-malbuch","8":"first","9":"instock","10":"shipping-taxable","11":"product-type-external"},"_links":{"self":[{"href":"https:\/\/wrote.be\/de\/wp-json\/wp\/v2\/product\/6129","targetHints":{"allow":["GET"]}}],"collection":[{"href":"https:\/\/wrote.be\/de\/wp-json\/wp\/v2\/product"}],"about":[{"href":"https:\/\/wrote.be\/de\/wp-json\/wp\/v2\/types\/product"}],"replies":[{"embeddable":true,"href":"https:\/\/wrote.be\/de\/wp-json\/wp\/v2\/comments?post=6129"}],"wp:featuredmedia":[{"embeddable":true,"href":"https:\/\/wrote.be\/de\/wp-json\/wp\/v2\/media\/5928"}],"wp:attachment":[{"href":"https:\/\/wrote.be\/de\/wp-json\/wp\/v2\/media?parent=6129"}],"wp:term":[{"taxonomy":"product_brand","embeddable":true,"href":"https:\/\/wrote.be\/de\/wp-json\/wp\/v2\/product_brand?post=6129"},{"taxonomy":"product_cat","embeddable":true,"href":"https:\/\/wrote.be\/de\/wp-json\/wp\/v2\/product_cat?post=6129"},{"taxonomy":"product_tag","embeddable":true,"href":"https:\/\/wrote.be\/de\/wp-json\/wp\/v2\/product_tag?post=6129"}],"curies":[{"name":"wp","href":"https:\/\/api.w.org\/{rel}","templated":true}]}}