{"id":7057,"date":"2024-06-09T11:13:17","date_gmt":"2024-06-09T11:13:17","guid":{"rendered":"https:\/\/wrote.be\/catalogo\/unkategorisiert\/feuerwehr-im-einsatz\/"},"modified":"2024-06-09T11:13:18","modified_gmt":"2024-06-09T11:13:18","slug":"feuerwehr-im-einsatz","status":"publish","type":"product","link":"https:\/\/wrote.be\/de\/catalogo\/malbuch\/feuerwehr-im-einsatz\/","title":{"rendered":"Feuerwehr im Einsatz"},"content":{"rendered":"<p>Begleiten Sie uns auf ein aufregendes Abenteuer mit unserem Malbuch <strong>&#8222;Feuerwehrm\u00e4nner in Aktion&#8220;<\/strong>! Perfekt f\u00fcr kleine Helden ab 4 Jahren bietet dieses Buch 50 detaillierte Bilder von Feuerwehrleuten, Feuerwehrautos, Br\u00e4nden und Rettungen. Es regt die Kreativit\u00e4t und Fantasie der Kinder an und macht jede Seite zu einer fantastischen Reise. Und verpassen Sie nicht den zus\u00e4tzlichen Inhalt <strong>&#8222;Male den Mut!&#8220;<\/strong>, mit Malbildern von Monstern und Helden!<\/p>\n<div style=\"margin-top: 30px;text-align: center\"><img decoding=\"async\" src=\"https:\/\/wrote.be\/wp-content\/uploads\/2024\/06\/qymjzpdrus_DE_contentA_1.jpg\" alt=\"qymjzpdrus_DE_contentA_1\" style=\"margin-bottom: 10px\" \/><\/div>\n<div style=\"text-align: center\"><img decoding=\"async\" src=\"https:\/\/wrote.be\/wp-content\/uploads\/2024\/06\/bnpfgxpyyu_DE_contentA_2.jpg\" alt=\"bnpfgxpyyu_DE_contentA_2\" style=\"margin-bottom: 10px\" \/><\/div>\n<div style=\"text-align: center\"><img decoding=\"async\" src=\"https:\/\/wrote.be\/wp-content\/uploads\/2024\/06\/qjtudadwxr_DE_contentA_3.jpg\" alt=\"qjtudadwxr_DE_contentA_3\" style=\"margin-bottom: 10px\" \/><\/div>\n","protected":false},"excerpt":{"rendered":"<p>1733<\/p>\n","protected":false},"featured_media":6584,"comment_status":"open","ping_status":"closed","template":"","meta":{"_monsterinsights_skip_tracking":false,"_monsterinsights_sitenote_active":false,"_monsterinsights_sitenote_note":"","_monsterinsights_sitenote_category":0},"product_brand":[],"product_cat":[202],"product_tag":[],"class_list":{"0":"post-7057","1":"product","2":"type-product","3":"status-publish","4":"has-post-thumbnail","6":"product_cat-malbuch","8":"first","9":"instock","10":"shipping-taxable","11":"product-type-external"},"_links":{"self":[{"href":"https:\/\/wrote.be\/de\/wp-json\/wp\/v2\/product\/7057","targetHints":{"allow":["GET"]}}],"collection":[{"href":"https:\/\/wrote.be\/de\/wp-json\/wp\/v2\/product"}],"about":[{"href":"https:\/\/wrote.be\/de\/wp-json\/wp\/v2\/types\/product"}],"replies":[{"embeddable":true,"href":"https:\/\/wrote.be\/de\/wp-json\/wp\/v2\/comments?post=7057"}],"wp:featuredmedia":[{"embeddable":true,"href":"https:\/\/wrote.be\/de\/wp-json\/wp\/v2\/media\/6584"}],"wp:attachment":[{"href":"https:\/\/wrote.be\/de\/wp-json\/wp\/v2\/media?parent=7057"}],"wp:term":[{"taxonomy":"product_brand","embeddable":true,"href":"https:\/\/wrote.be\/de\/wp-json\/wp\/v2\/product_brand?post=7057"},{"taxonomy":"product_cat","embeddable":true,"href":"https:\/\/wrote.be\/de\/wp-json\/wp\/v2\/product_cat?post=7057"},{"taxonomy":"product_tag","embeddable":true,"href":"https:\/\/wrote.be\/de\/wp-json\/wp\/v2\/product_tag?post=7057"}],"curies":[{"name":"wp","href":"https:\/\/api.w.org\/{rel}","templated":true}]}}