{"id":4702,"date":"2024-06-03T18:35:39","date_gmt":"2024-06-03T18:35:39","guid":{"rendered":"https:\/\/wrote.be\/catalogo\/sin categor\u00eda\/la-granja\/"},"modified":"2024-06-03T18:35:39","modified_gmt":"2024-06-03T18:35:39","slug":"la-granja","status":"publish","type":"product","link":"https:\/\/wrote.be\/es\/catalogo\/libro-para-colorear\/la-granja\/","title":{"rendered":"La Granja"},"content":{"rendered":"<h5>Descripci\u00f3n Extendida:<\/h5>\n<p>\u00a1Bienvenidos al maravilloso mundo de la granja! Este libro para colorear est\u00e1 dise\u00f1ado especialmente para que los ni\u00f1os descubran la vida de los animales y las tareas de la granja de una manera atractiva y educativa. <strong>Cada p\u00e1gina es una invitaci\u00f3n a explorar y expresar la creatividad<\/strong> a trav\u00e9s del color. Las ilustraciones, cuidadosamente detalladas, representan escenas de la vida diaria en la granja, desde adorables cr\u00edas de animales hasta agricultores en su labor.<\/p>\n<p><strong>Colorear no es solo un pasatiempo divertido<\/strong>, sino que tambi\u00e9n es una actividad con numerosos beneficios psicol\u00f3gicos y cognitivos para los ni\u00f1os. Ayuda a desarrollar la <strong>coordinaci\u00f3n ojo-mano<\/strong>, mejorar la <strong>concentraci\u00f3n<\/strong> y estimular la <strong>creatividad<\/strong>. Los peque\u00f1os artistas pueden experimentar con los colores, explorar nuevas combinaciones y dar vida a las im\u00e1genes con su imaginaci\u00f3n.<\/p>\n<p>Cada dibujo es una oportunidad para aprender algo nuevo sobre los animales de la granja y las diversas actividades que se realizan en este fascinante entorno. Los ni\u00f1os descubrir\u00e1n c\u00f3mo se cultiva el grano, c\u00f3mo se cuidan los animales y c\u00f3mo funcionan las diversas m\u00e1quinas agr\u00edcolas.<\/p>\n<p>Adem\u00e1s, este libro est\u00e1 dise\u00f1ado para ser una experiencia compartida: los padres pueden participar, explicando a los ni\u00f1os las diversas escenas y actividades representadas, haciendo que el momento de colorear sea a\u00fan m\u00e1s rico e interactivo.<\/p>\n<p>\u00danete a nosotros en esta aventura en la granja y deja que tu creatividad cobre vida con cada p\u00e1gina coloreada.<\/p>\n<div style=\"margin-top: 30px;text-align: center\"><img decoding=\"async\" src=\"https:\/\/wrote.be\/wp-content\/uploads\/2024\/06\/ifimipiejn_ES_contentA_1.jpg\" alt=\"ifimipiejn_ES_contentA_1\" style=\"margin-bottom: 10px\" \/><\/div>\n<div style=\"text-align: center\"><img decoding=\"async\" src=\"https:\/\/wrote.be\/wp-content\/uploads\/2024\/06\/bsethekrko_ES_contentA_2.jpg\" alt=\"bsethekrko_ES_contentA_2\" style=\"margin-bottom: 10px\" \/><\/div>\n<div style=\"text-align: center\"><img decoding=\"async\" src=\"https:\/\/wrote.be\/wp-content\/uploads\/2024\/06\/imhmjtijik_ES_contentA_3.jpg\" alt=\"imhmjtijik_ES_contentA_3\" style=\"margin-bottom: 10px\" \/><\/div>\n","protected":false},"excerpt":{"rendered":"<p>\u00a1Descubre la fascinante vida de la granja con este libro para colorear para ni\u00f1os! Cada p\u00e1gina invita a los peque\u00f1os artistas a explorar el mundo de los animales y las tareas de la granja. <i>Colorear<\/i> estimula la <i>creatividad<\/i>, desarrolla la <i>coordinaci\u00f3n motora<\/i> y mejora la <i>concentraci\u00f3n<\/i>. Con dibujos detallados y lindos, los ni\u00f1os pueden sumergirse en una aventura educativa y divertida. Cada animal y cada actividad de la granja est\u00e1n representados con esmero para inspirar la imaginaci\u00f3n y ofrecer horas de diversi\u00f3n creativa. \u00a1Perfecto para los peque\u00f1os exploradores que aman descubrir y colorear! Adem\u00e1s, este libro ofrece una valiosa oportunidad para aprender jugando, descubriendo curiosidades sobre los animales y las actividades diarias de la granja. Un viaje fant\u00e1stico al mundo rural que har\u00e1 que cada momento de coloreo sea \u00fanico y especial.<\/p>\n","protected":false},"featured_media":3595,"comment_status":"open","ping_status":"closed","template":"","meta":{"_monsterinsights_skip_tracking":false,"_monsterinsights_sitenote_active":false,"_monsterinsights_sitenote_note":"","_monsterinsights_sitenote_category":0},"product_brand":[],"product_cat":[207],"product_tag":[],"class_list":{"0":"post-4702","1":"product","2":"type-product","3":"status-publish","4":"has-post-thumbnail","6":"product_cat-libro-para-colorear","8":"first","9":"instock","10":"shipping-taxable","11":"product-type-external"},"_links":{"self":[{"href":"https:\/\/wrote.be\/es\/wp-json\/wp\/v2\/product\/4702","targetHints":{"allow":["GET"]}}],"collection":[{"href":"https:\/\/wrote.be\/es\/wp-json\/wp\/v2\/product"}],"about":[{"href":"https:\/\/wrote.be\/es\/wp-json\/wp\/v2\/types\/product"}],"replies":[{"embeddable":true,"href":"https:\/\/wrote.be\/es\/wp-json\/wp\/v2\/comments?post=4702"}],"wp:featuredmedia":[{"embeddable":true,"href":"https:\/\/wrote.be\/es\/wp-json\/wp\/v2\/media\/3595"}],"wp:attachment":[{"href":"https:\/\/wrote.be\/es\/wp-json\/wp\/v2\/media?parent=4702"}],"wp:term":[{"taxonomy":"product_brand","embeddable":true,"href":"https:\/\/wrote.be\/es\/wp-json\/wp\/v2\/product_brand?post=4702"},{"taxonomy":"product_cat","embeddable":true,"href":"https:\/\/wrote.be\/es\/wp-json\/wp\/v2\/product_cat?post=4702"},{"taxonomy":"product_tag","embeddable":true,"href":"https:\/\/wrote.be\/es\/wp-json\/wp\/v2\/product_tag?post=4702"}],"curies":[{"name":"wp","href":"https:\/\/api.w.org\/{rel}","templated":true}]}}