{"id":4707,"date":"2024-06-03T19:16:12","date_gmt":"2024-06-03T19:16:12","guid":{"rendered":"https:\/\/wrote.be\/catalogo\/sin%20categor\u00eda\/hermosos-gatos\/"},"modified":"2024-06-03T19:24:58","modified_gmt":"2024-06-03T19:24:58","slug":"hermosos-gatos","status":"publish","type":"product","link":"https:\/\/wrote.be\/es\/catalogo\/libro-para-colorear\/hermosos-gatos\/","title":{"rendered":"Hermosos Gatos"},"content":{"rendered":"<div class=\"flex flex-grow flex-col max-w-full\">\n<div class=\"text-message flex flex-col items-start whitespace-pre-wrap break-words [.text-message+&amp;]:mt-5 juice:w-full juice:items-end overflow-x-auto gap-2\" dir=\"auto\" data-message-author-role=\"assistant\" data-message-id=\"ce1137a0-45f3-4e10-81bf-89809828246d\">\n<div class=\"flex w-full flex-col gap-1 juice:empty:hidden juice:first:pt-[3px]\">\n<div class=\"markdown prose w-full break-words dark:prose-invert light\">\n<h5>D\u00e9jate cautivar por la gracia y elegancia de los gatos con este fant\u00e1stico libro para colorear para ni\u00f1os.<\/h5>\n<p>Dise\u00f1ado para peque\u00f1os amantes de los felinos, este libro ofrece una variedad de ilustraciones que capturan la personalidad \u00fanica de cada gato. Desde gatos trepando \u00e1rboles hasta aquellos descansando perezosamente al sol, cada p\u00e1gina invita a descubrir y colorear.<\/p>\n<p>Colorear es mucho m\u00e1s que un simple pasatiempo. Es una actividad que promueve el desarrollo de la coordinaci\u00f3n ojo-mano, aumenta la concentraci\u00f3n y estimula la creatividad. Los ni\u00f1os pueden experimentar con colores, explorando diferentes combinaciones para dar vida a sus amigos felinos.<\/p>\n<p>Las ilustraciones detalladas no solo representan gatos en poses juguetonas y relajantes, sino tambi\u00e9n en diversos entornos, como jardines florecientes y acogedores salones. Cada dibujo es una oportunidad para aprender m\u00e1s sobre el comportamiento y las caracter\u00edsticas de los gatos, fomentando una mayor conciencia y apreciaci\u00f3n por estos fascinantes animales.<\/p>\n<p>Este libro es perfecto para compartir en familia. Los padres pueden unirse a los ni\u00f1os en los momentos de colorear, contando historias sobre gatos y ayud\u00e1ndoles a descubrir nuevas curiosidades sobre estos animales. Es una experiencia educativa y divertida que hace de cada p\u00e1gina un viaje de descubrimiento y creatividad.<\/p>\n<p><em>\u00a1Lleva la magia de los gatos a tu hogar y deja que cada p\u00e1gina coloreada refleje tu amor por estos maravillosos animales!<\/em><\/p>\n<\/div>\n<\/div>\n<\/div>\n<\/div>\n<div class=\"mt-1 flex gap-3 empty:hidden juice:-ml-3\">\n<div class=\"items-center justify-start rounded-xl p-1 flex\">\n<div class=\"flex items-center\"><\/div>\n<div><\/div>\n<div class=\"flex items-center\"><img decoding=\"async\" class=\"aligncenter\" style=\"margin-bottom: 10px;\" src=\"https:\/\/wrote.be\/wp-content\/uploads\/2024\/06\/alvaylvfwq_ES_contentA_1.jpg\" alt=\"alvaylvfwq_ES_contentA_1\" \/><\/div>\n<\/div>\n<\/div>\n<div style=\"text-align: center;\"><img decoding=\"async\" style=\"margin-bottom: 10px;\" src=\"https:\/\/wrote.be\/wp-content\/uploads\/2024\/06\/wyydjsnaxo_ES_contentA_2.jpg\" alt=\"wyydjsnaxo_ES_contentA_2\" \/><\/div>\n<div style=\"text-align: center;\"><img decoding=\"async\" style=\"margin-bottom: 10px;\" src=\"https:\/\/wrote.be\/wp-content\/uploads\/2024\/06\/bndyhryfwx_ES_contentA_3.jpg\" alt=\"bndyhryfwx_ES_contentA_3\" \/><\/div>\n","protected":false},"excerpt":{"rendered":"<p>Entra en el mundo fascinante de los gatos con este precioso libro para colorear para ni\u00f1os. Cada p\u00e1gina es una celebraci\u00f3n de nuestros amigos felinos, desde gatitos juguetones hasta majestuosos gatos adultos. Colorear estimula la creatividad, mejora la concentraci\u00f3n y desarrolla habilidades motoras. Este libro ofrece ilustraciones detalladas y encantadoras, perfectas para j\u00f3venes artistas que aman los gatos. Cada ilustraci\u00f3n es una oportunidad para explorar la belleza y elegancia de los gatos mientras se divierten. \u00a1Una experiencia relajante y creativa, ideal para momentos de tranquilidad y juego educativo!<\/p>\n","protected":false},"featured_media":3816,"comment_status":"open","ping_status":"closed","template":"","meta":{"_monsterinsights_skip_tracking":false,"_monsterinsights_sitenote_active":false,"_monsterinsights_sitenote_note":"","_monsterinsights_sitenote_category":0},"product_brand":[],"product_cat":[207],"product_tag":[],"class_list":{"0":"post-4707","1":"product","2":"type-product","3":"status-publish","4":"has-post-thumbnail","6":"product_cat-libro-para-colorear","8":"first","9":"instock","10":"shipping-taxable","11":"product-type-external"},"_links":{"self":[{"href":"https:\/\/wrote.be\/es\/wp-json\/wp\/v2\/product\/4707","targetHints":{"allow":["GET"]}}],"collection":[{"href":"https:\/\/wrote.be\/es\/wp-json\/wp\/v2\/product"}],"about":[{"href":"https:\/\/wrote.be\/es\/wp-json\/wp\/v2\/types\/product"}],"replies":[{"embeddable":true,"href":"https:\/\/wrote.be\/es\/wp-json\/wp\/v2\/comments?post=4707"}],"wp:featuredmedia":[{"embeddable":true,"href":"https:\/\/wrote.be\/es\/wp-json\/wp\/v2\/media\/3816"}],"wp:attachment":[{"href":"https:\/\/wrote.be\/es\/wp-json\/wp\/v2\/media?parent=4707"}],"wp:term":[{"taxonomy":"product_brand","embeddable":true,"href":"https:\/\/wrote.be\/es\/wp-json\/wp\/v2\/product_brand?post=4707"},{"taxonomy":"product_cat","embeddable":true,"href":"https:\/\/wrote.be\/es\/wp-json\/wp\/v2\/product_cat?post=4707"},{"taxonomy":"product_tag","embeddable":true,"href":"https:\/\/wrote.be\/es\/wp-json\/wp\/v2\/product_tag?post=4707"}],"curies":[{"name":"wp","href":"https:\/\/api.w.org\/{rel}","templated":true}]}}