{"id":4872,"date":"2024-06-03T19:52:02","date_gmt":"2024-06-03T19:52:02","guid":{"rendered":"https:\/\/wrote.be\/catalogo\/sin%20categor\u00eda\/coches-y-vehiculos\/"},"modified":"2024-06-03T20:43:05","modified_gmt":"2024-06-03T20:43:05","slug":"coches-y-vehiculos","status":"publish","type":"product","link":"https:\/\/wrote.be\/es\/catalogo\/libro-para-colorear\/coches-y-vehiculos\/","title":{"rendered":"Coches y Vehiculos"},"content":{"rendered":"<h5>\u00a1Sum\u00e9rgete en una aventura incre\u00edble con nuestro incre\u00edble libro de colorear sobre autos y veh\u00edculos, dise\u00f1ado especialmente para ni\u00f1os!<\/h5>\n<p>Este volumen extraordinario ofrece m\u00e1s de <strong>50 ilustraciones detalladas<\/strong>, todas listas para ser descubiertas y coloreadas. Los j\u00f3venes artistas pueden sumergirse en un mundo lleno de autos de carrera r\u00e1pidos, camiones poderosos, modos de transporte fascinantes y mucho m\u00e1s. Cada p\u00e1gina cuenta una historia, estimulando la imaginaci\u00f3n y la creatividad de los j\u00f3venes lectores, que pueden dar vida a sus sue\u00f1os coloreando veh\u00edculos vibrantes, emocionantes pistas de carreras y escenas urbanas animadas.<\/p>\n<p>Perfecto para horas de diversi\u00f3n educativa, nuestro libro de colorear sobre autos y veh\u00edculos es ideal para desarrollar habilidades motoras y art\u00edsticas. Los ni\u00f1os pueden explorar diferentes t\u00e9cnicas de coloreado y aprender nuevas combinaciones de colores mientras se sumergen en fascinantes historias de velocidad y aventura. Las ilustraciones detalladas est\u00e1n dise\u00f1adas para fomentar la precisi\u00f3n y la atenci\u00f3n al detalle, ayudando a los peque\u00f1os a mejorar su concentraci\u00f3n y coordinaci\u00f3n mano-ojo.<\/p>\n<p>Adem\u00e1s de ser una fuente inagotable de diversi\u00f3n, este libro de colorear tambi\u00e9n ofrece una oportunidad educativa, introduciendo a los ni\u00f1os a conceptos como los diferentes tipos de veh\u00edculos, c\u00f3mo funcionan los autos y las reglas de seguridad vial. Un regalo perfecto para cada peque\u00f1o entusiasta de los motores, este libro de colorear ser\u00e1 un tesoro precioso en la biblioteca de cada ni\u00f1o, listo para estimular la imaginaci\u00f3n y proporcionar horas de aventuras creativas.<\/p>\n<h5>Entonces, \u00bfa qu\u00e9 est\u00e1s esperando?<\/h5>\n<p>Agarra tus colores, prep\u00e1rate para explorar el mundo de los motores y descubre el maravilloso mundo de los autos y veh\u00edculos con nuestro incre\u00edble libro de colorear!<\/p>\n<div style=\"margin-top: 30px; text-align: center;\"><img decoding=\"async\" style=\"margin-bottom: 10px;\" src=\"https:\/\/wrote.be\/wp-content\/uploads\/2024\/06\/krljluztus_ES_contentA_1.jpg\" alt=\"krljluztus_ES_contentA_1\" \/><\/div>\n<div style=\"text-align: center;\"><img decoding=\"async\" style=\"margin-bottom: 10px;\" src=\"https:\/\/wrote.be\/wp-content\/uploads\/2024\/06\/dgtypqenpn_ES_contentA_2.jpg\" alt=\"dgtypqenpn_ES_contentA_2\" \/><\/div>\n<div style=\"text-align: center;\"><img loading=\"lazy\" decoding=\"async\" class=\"size-full wp-image-3229 aligncenter\" src=\"https:\/\/wrote.be\/wp-content\/uploads\/2024\/05\/azfgwvcayg_ES_contentA_3.jpg\" alt=\"\" width=\"970\" height=\"600\" srcset=\"https:\/\/wrote.be\/wp-content\/uploads\/2024\/05\/azfgwvcayg_ES_contentA_3.jpg 970w, https:\/\/wrote.be\/wp-content\/uploads\/2024\/05\/azfgwvcayg_ES_contentA_3-500x309.jpg 500w, https:\/\/wrote.be\/wp-content\/uploads\/2024\/05\/azfgwvcayg_ES_contentA_3-300x186.jpg 300w, https:\/\/wrote.be\/wp-content\/uploads\/2024\/05\/azfgwvcayg_ES_contentA_3-768x475.jpg 768w, https:\/\/wrote.be\/wp-content\/uploads\/2024\/05\/azfgwvcayg_ES_contentA_3-121x75.jpg 121w, https:\/\/wrote.be\/wp-content\/uploads\/2024\/05\/azfgwvcayg_ES_contentA_3-480x297.jpg 480w, https:\/\/wrote.be\/wp-content\/uploads\/2024\/05\/azfgwvcayg_ES_contentA_3-800x495.jpg 800w\" sizes=\"auto, (max-width:767px) 480px, (max-width:970px) 100vw, 970px\" \/><\/div>\n","protected":false},"excerpt":{"rendered":"<p><strong><em>\u00a1Descubre el emocionante mundo de los autos y veh\u00edculos con nuestro asombroso libro de colorear para ni\u00f1os!<\/em><\/strong><\/p>\n<p>Con m\u00e1s de <strong>50 ilustraciones \u00fanicas y detalladas<\/strong>, los j\u00f3venes artistas pueden explorar una amplia gama de autos de carrera, camiones poderosos y modos de transporte fascinantes. Cada p\u00e1gina ofrece una nueva aventura para colorear, estimulando la creatividad y la imaginaci\u00f3n.<\/p>\n<p>Ideal para horas de diversi\u00f3n y aprendizaje, este libro de colorear es un verdadero tesoro que todo peque\u00f1o entusiasta de los motores querr\u00e1 tener. Perfecto para desarrollar habilidades motoras y art\u00edsticas y para aprender divirti\u00e9ndose, es el regalo ideal para cada joven explorador.<\/p>\n","protected":false},"featured_media":3150,"comment_status":"open","ping_status":"closed","template":"","meta":{"_monsterinsights_skip_tracking":false,"_monsterinsights_sitenote_active":false,"_monsterinsights_sitenote_note":"","_monsterinsights_sitenote_category":0},"product_brand":[],"product_cat":[207],"product_tag":[],"class_list":{"0":"post-4872","1":"product","2":"type-product","3":"status-publish","4":"has-post-thumbnail","6":"product_cat-libro-para-colorear","8":"first","9":"instock","10":"shipping-taxable","11":"product-type-external"},"_links":{"self":[{"href":"https:\/\/wrote.be\/es\/wp-json\/wp\/v2\/product\/4872","targetHints":{"allow":["GET"]}}],"collection":[{"href":"https:\/\/wrote.be\/es\/wp-json\/wp\/v2\/product"}],"about":[{"href":"https:\/\/wrote.be\/es\/wp-json\/wp\/v2\/types\/product"}],"replies":[{"embeddable":true,"href":"https:\/\/wrote.be\/es\/wp-json\/wp\/v2\/comments?post=4872"}],"wp:featuredmedia":[{"embeddable":true,"href":"https:\/\/wrote.be\/es\/wp-json\/wp\/v2\/media\/3150"}],"wp:attachment":[{"href":"https:\/\/wrote.be\/es\/wp-json\/wp\/v2\/media?parent=4872"}],"wp:term":[{"taxonomy":"product_brand","embeddable":true,"href":"https:\/\/wrote.be\/es\/wp-json\/wp\/v2\/product_brand?post=4872"},{"taxonomy":"product_cat","embeddable":true,"href":"https:\/\/wrote.be\/es\/wp-json\/wp\/v2\/product_cat?post=4872"},{"taxonomy":"product_tag","embeddable":true,"href":"https:\/\/wrote.be\/es\/wp-json\/wp\/v2\/product_tag?post=4872"}],"curies":[{"name":"wp","href":"https:\/\/api.w.org\/{rel}","templated":true}]}}