{"id":4952,"date":"2024-06-03T20:32:38","date_gmt":"2024-06-03T20:32:38","guid":{"rendered":"https:\/\/wrote.be\/catalogo\/sin%20categor\u00eda\/criaturas-del-oceano\/"},"modified":"2024-06-03T20:39:33","modified_gmt":"2024-06-03T20:39:33","slug":"criaturas-del-oceano","status":"publish","type":"product","link":"https:\/\/wrote.be\/es\/catalogo\/libro-para-colorear\/criaturas-del-oceano\/","title":{"rendered":"Criaturas del OC\u00c9ANO"},"content":{"rendered":"<h5>Descubre el fascinante mundo de los oc\u00e9anos con nuestro libro de colorear dedicado a la vida marina y las aventuras submarinas<\/h5>\n<p>Esta colecci\u00f3n exclusiva, con <strong>85 dibujos meticulosamente seleccionados \u2014 50 impresos y 35 disponibles a trav\u00e9s de descarga digital<\/strong> \u2014 ofrece a los j\u00f3venes artistas la oportunidad \u00fanica de explorar y dar color a una amplia gama de criaturas marinas y paisajes submarinos.<\/p>\n<p>\u00danete a miles de padres satisfechos y regala a tus hijos un libro que no solo los mantendr\u00e1 ocupados en actividades productivas, sino que tambi\u00e9n les ayudar\u00e1 a descubrir nuevas pasiones e intereses. Cada p\u00e1gina para colorear se convierte en una valiosa lecci\u00f3n de descubrimiento e imaginaci\u00f3n.<\/p>\n<p>Mientras tus hijos disfrutan coloreando delfines juguetones, peces ex\u00f3ticos y corales coloridos, desarrollar\u00e1n habilidades importantes como la coordinaci\u00f3n mano-ojo, la precisi\u00f3n de movimientos y la paciencia. Pero eso no es todo: cada ilustraci\u00f3n va acompa\u00f1ada de una breve descripci\u00f3n que explica sus caracter\u00edsticas, enriqueciendo el vocabulario de los peque\u00f1os y su comprensi\u00f3n del mundo marino.<\/p>\n<p>Ideal para estimular la creatividad y la curiosidad, este libro tambi\u00e9n ofrece una manera para que los padres y educadores se conecten con los ni\u00f1os, discutiendo sobre los diversos tipos de criaturas marinas y los ecosistemas oce\u00e1nicos. Es perfecto para tardes tranquilas, viajes largos o como actividad grupal en las aulas escolares.<\/p>\n<h5>\u00a1Enciende la imaginaci\u00f3n de tu hijo y prep\u00e1rate para explorar los oc\u00e9anos como nunca antes!<\/h5>\n<p>Con cada p\u00e1gina, tu peque\u00f1o artista no solo colorear\u00e1 sino que descubrir\u00e1 un mundo de aventuras.<\/p>\n<h5>Contenido Digital Bono<\/h5>\n<p>\u00a1Pero hay m\u00e1s! Con la compra del libro, desbloqueas un fant\u00e1stico contenido digital adicional: 35 im\u00e1genes adicionales listas para descargar y colorear. Este tesoro digital expande significativamente la colecci\u00f3n, enriqueciendo la experiencia creativa y ofreciendo a\u00fan m\u00e1s oportunidades para divertirse y aprender. Im\u00e1genes vibrantes y llenas de detalles esperan ser descubiertas y transformadas en obras de arte.<\/p>\n<h5>\u00a1No pierdas la oportunidad!<\/h5>\n<p>Da vida a estas maravillas marinas. Compra ahora y comienza tu viaje creativo con nuestro libro de colorear! Lleno de diversi\u00f3n, educaci\u00f3n y creatividad, es el regalo perfecto para cualquier joven artista deseoso de explorar el mundo de los oc\u00e9anos.<\/p>\n<div style=\"margin-top: 30px; text-align: center;\"><img decoding=\"async\" style=\"margin-bottom: 10px;\" src=\"https:\/\/wrote.be\/wp-content\/uploads\/2024\/06\/qprlmgcqwj_ES_contentA_1.jpg\" alt=\"qprlmgcqwj_ES_contentA_1\" \/><\/div>\n<div style=\"text-align: center;\"><img decoding=\"async\" style=\"margin-bottom: 10px;\" src=\"https:\/\/wrote.be\/wp-content\/uploads\/2024\/06\/imlnpbbspg_ES_contentA_2.jpg\" alt=\"imlnpbbspg_ES_contentA_2\" \/><img loading=\"lazy\" decoding=\"async\" class=\"size-full wp-image-2988 aligncenter\" src=\"https:\/\/wrote.be\/wp-content\/uploads\/2024\/05\/pucjzvgfej_ES_contentA_3.jpg\" alt=\"\" width=\"970\" height=\"600\" srcset=\"https:\/\/wrote.be\/wp-content\/uploads\/2024\/05\/pucjzvgfej_ES_contentA_3.jpg 970w, https:\/\/wrote.be\/wp-content\/uploads\/2024\/05\/pucjzvgfej_ES_contentA_3-500x309.jpg 500w, https:\/\/wrote.be\/wp-content\/uploads\/2024\/05\/pucjzvgfej_ES_contentA_3-300x186.jpg 300w, https:\/\/wrote.be\/wp-content\/uploads\/2024\/05\/pucjzvgfej_ES_contentA_3-768x475.jpg 768w, https:\/\/wrote.be\/wp-content\/uploads\/2024\/05\/pucjzvgfej_ES_contentA_3-121x75.jpg 121w, https:\/\/wrote.be\/wp-content\/uploads\/2024\/05\/pucjzvgfej_ES_contentA_3-480x297.jpg 480w, https:\/\/wrote.be\/wp-content\/uploads\/2024\/05\/pucjzvgfej_ES_contentA_3-800x495.jpg 800w\" sizes=\"auto, (max-width:767px) 480px, (max-width:970px) 100vw, 970px\" \/><\/div>\n","protected":false},"excerpt":{"rendered":"<p><strong><em>\u00a1El regalo perfecto para j\u00f3venes exploradores y amantes del mar!<\/em><\/strong><\/p>\n<p>Descubre el fascinante mundo de los oc\u00e9anos con nuestro libro de colorear dedicado a la vida marina y las aventuras submarinas. \u00a1Haz clic en la portada para echar un vistazo al interior!<\/p>\n<p><strong>50 dibujos de p\u00e1gina completa de fascinantes criaturas marinas + 30 contenidos BONO<\/strong><\/p>\n<p>Impresos en papel blanco en formato grande de 21,0 cm x 29,7 cm (8,3 x 11,7 pulgadas)<\/p>\n<p>Perfectos para colorear con crayones, l\u00e1pices de colores o rotuladores de colores<\/p>\n<p>Dibujos detallados adecuados para ni\u00f1os de 4 a 8 a\u00f1os<\/p>\n<p>\u00a1Perfecto para cumplea\u00f1os, vacaciones y ocasiones especiales!<\/p>\n<p><strong>\u00a1No pierdas la oportunidad de regalar horas de diversi\u00f3n y creatividad a tus peque\u00f1os exploradores! \u00a1Compra ahora y comienza la aventura colorida!<\/strong><\/p>\n","protected":false},"featured_media":2904,"comment_status":"open","ping_status":"closed","template":"","meta":{"_monsterinsights_skip_tracking":false,"_monsterinsights_sitenote_active":false,"_monsterinsights_sitenote_note":"","_monsterinsights_sitenote_category":0},"product_brand":[],"product_cat":[207],"product_tag":[],"class_list":{"0":"post-4952","1":"product","2":"type-product","3":"status-publish","4":"has-post-thumbnail","6":"product_cat-libro-para-colorear","8":"first","9":"instock","10":"shipping-taxable","11":"product-type-external"},"_links":{"self":[{"href":"https:\/\/wrote.be\/es\/wp-json\/wp\/v2\/product\/4952","targetHints":{"allow":["GET"]}}],"collection":[{"href":"https:\/\/wrote.be\/es\/wp-json\/wp\/v2\/product"}],"about":[{"href":"https:\/\/wrote.be\/es\/wp-json\/wp\/v2\/types\/product"}],"replies":[{"embeddable":true,"href":"https:\/\/wrote.be\/es\/wp-json\/wp\/v2\/comments?post=4952"}],"wp:featuredmedia":[{"embeddable":true,"href":"https:\/\/wrote.be\/es\/wp-json\/wp\/v2\/media\/2904"}],"wp:attachment":[{"href":"https:\/\/wrote.be\/es\/wp-json\/wp\/v2\/media?parent=4952"}],"wp:term":[{"taxonomy":"product_brand","embeddable":true,"href":"https:\/\/wrote.be\/es\/wp-json\/wp\/v2\/product_brand?post=4952"},{"taxonomy":"product_cat","embeddable":true,"href":"https:\/\/wrote.be\/es\/wp-json\/wp\/v2\/product_cat?post=4952"},{"taxonomy":"product_tag","embeddable":true,"href":"https:\/\/wrote.be\/es\/wp-json\/wp\/v2\/product_tag?post=4952"}],"curies":[{"name":"wp","href":"https:\/\/api.w.org\/{rel}","templated":true}]}}