{"id":4429,"date":"2024-06-03T16:11:12","date_gmt":"2024-06-03T16:11:12","guid":{"rendered":"https:\/\/wrote.be\/catalogo\/non%20class\u00e9\/astronautes\/"},"modified":"2024-06-03T20:53:52","modified_gmt":"2024-06-03T20:53:52","slug":"astronautes","status":"publish","type":"product","link":"https:\/\/wrote.be\/fr\/catalogo\/livre-de-coloriage\/astronautes\/","title":{"rendered":"Astronautes"},"content":{"rendered":"<h5>Explorez l&rsquo;Univers avec le Livre de Coloriage pour Enfants sur les Astronautes et les Plan\u00e8tes<\/h5>\n<p><strong>Bienvenue dans une aventure spatiale sans pr\u00e9c\u00e9dent!<\/strong> Ce livre de coloriage est con\u00e7u pour capturer l&rsquo;imagination des jeunes explorateurs, leur offrant une opportunit\u00e9 unique d&rsquo;apprendre et de s&rsquo;amuser en m\u00eame temps.<\/p>\n<p><em>D\u00e9tails du livre:<\/em><\/p>\n<p>Chaque section du livre est destin\u00e9e \u00e0 stimuler la curiosit\u00e9 et la cr\u00e9ativit\u00e9 des enfants. Vous trouverez des dessins d&rsquo;astronautes engag\u00e9s dans des missions spatiales, des fus\u00e9es pr\u00eates \u00e0 d\u00e9coller et des plan\u00e8tes fascinantes \u00e0 explorer.<\/p>\n<p>Le coloriage n&rsquo;est pas seulement une activit\u00e9 amusante mais aussi cruciale pour le d\u00e9veloppement cognitif et cr\u00e9atif des enfants. Gr\u00e2ce \u00e0 ce livre, les jeunes artistes am\u00e9lioreront leurs comp\u00e9tences motrices fines, leur attention aux d\u00e9tails et leur capacit\u00e9 de concentration. De plus, apprendre \u00e0 conna\u00eetre l&rsquo;espace par le coloriage rend l&rsquo;apprentissage ludique et m\u00e9morable.<\/p>\n<div style=\"margin-top: 30px; text-align: center;\"><img decoding=\"async\" style=\"margin-bottom: 10px;\" src=\"https:\/\/wrote.be\/wp-content\/uploads\/2024\/06\/bgcssfmyda_FR_contentA_1.jpg\" alt=\"bgcssfmyda_FR_contentA_1\" \/><\/div>\n<div style=\"text-align: center;\"><img decoding=\"async\" style=\"margin-bottom: 10px;\" src=\"https:\/\/wrote.be\/wp-content\/uploads\/2024\/06\/smzertktql_FR_contentA_2.jpg\" alt=\"smzertktql_FR_contentA_2\" \/><\/div>\n<div style=\"text-align: center;\"><img loading=\"lazy\" decoding=\"async\" class=\"size-full wp-image-3416 aligncenter\" src=\"https:\/\/wrote.be\/wp-content\/uploads\/2024\/05\/nsaabraqtk_FR_contentA_3.jpg\" alt=\"\" width=\"970\" height=\"600\" srcset=\"https:\/\/wrote.be\/wp-content\/uploads\/2024\/05\/nsaabraqtk_FR_contentA_3.jpg 970w, https:\/\/wrote.be\/wp-content\/uploads\/2024\/05\/nsaabraqtk_FR_contentA_3-500x309.jpg 500w, https:\/\/wrote.be\/wp-content\/uploads\/2024\/05\/nsaabraqtk_FR_contentA_3-300x186.jpg 300w, https:\/\/wrote.be\/wp-content\/uploads\/2024\/05\/nsaabraqtk_FR_contentA_3-768x475.jpg 768w, https:\/\/wrote.be\/wp-content\/uploads\/2024\/05\/nsaabraqtk_FR_contentA_3-121x75.jpg 121w, https:\/\/wrote.be\/wp-content\/uploads\/2024\/05\/nsaabraqtk_FR_contentA_3-480x297.jpg 480w, https:\/\/wrote.be\/wp-content\/uploads\/2024\/05\/nsaabraqtk_FR_contentA_3-800x495.jpg 800w\" sizes=\"auto, (max-width:767px) 480px, (max-width:970px) 100vw, 970px\" \/><\/div>\n","protected":false},"excerpt":{"rendered":"<p><strong>Livre de coloriage pour enfants sur les astronautes et les plan\u00e8tes<\/strong> est un voyage spatial passionnant pour les jeunes explorateurs ! Avec plus de 50 pages d&rsquo;images captivantes, les enfants peuvent colorier des astronautes courageux, des fus\u00e9es scintillantes, des plan\u00e8tes myst\u00e9rieuses et des cr\u00e9atures extraterrestres amusantes. Chaque page est con\u00e7ue pour stimuler la curiosit\u00e9 et la cr\u00e9ativit\u00e9, aidant les enfants \u00e0 d\u00e9couvrir les merveilles de l&rsquo;univers. Les dessins sont faciles \u00e0 colorier, mais suffisamment d\u00e9taill\u00e9s pour maintenir l&rsquo;int\u00e9r\u00eat. Ce livre offre non seulement des heures de plaisir, mais aussi une valeur \u00e9ducative, en enseignant aux enfants des faits int\u00e9ressants sur l&rsquo;espace. Parfait pour d\u00e9velopper les comp\u00e9tences motrices fines et l&rsquo;imagination, ce livre est un cadeau id\u00e9al pour toute occasion.<\/p>\n","protected":false},"featured_media":3369,"comment_status":"open","ping_status":"closed","template":"","meta":{"_monsterinsights_skip_tracking":false,"_monsterinsights_sitenote_active":false,"_monsterinsights_sitenote_note":"","_monsterinsights_sitenote_category":0},"product_brand":[],"product_cat":[206],"product_tag":[],"class_list":{"0":"post-4429","1":"product","2":"type-product","3":"status-publish","4":"has-post-thumbnail","6":"product_cat-livre-de-coloriage","8":"first","9":"instock","10":"shipping-taxable","11":"product-type-external"},"_links":{"self":[{"href":"https:\/\/wrote.be\/fr\/wp-json\/wp\/v2\/product\/4429","targetHints":{"allow":["GET"]}}],"collection":[{"href":"https:\/\/wrote.be\/fr\/wp-json\/wp\/v2\/product"}],"about":[{"href":"https:\/\/wrote.be\/fr\/wp-json\/wp\/v2\/types\/product"}],"replies":[{"embeddable":true,"href":"https:\/\/wrote.be\/fr\/wp-json\/wp\/v2\/comments?post=4429"}],"wp:featuredmedia":[{"embeddable":true,"href":"https:\/\/wrote.be\/fr\/wp-json\/wp\/v2\/media\/3369"}],"wp:attachment":[{"href":"https:\/\/wrote.be\/fr\/wp-json\/wp\/v2\/media?parent=4429"}],"wp:term":[{"taxonomy":"product_brand","embeddable":true,"href":"https:\/\/wrote.be\/fr\/wp-json\/wp\/v2\/product_brand?post=4429"},{"taxonomy":"product_cat","embeddable":true,"href":"https:\/\/wrote.be\/fr\/wp-json\/wp\/v2\/product_cat?post=4429"},{"taxonomy":"product_tag","embeddable":true,"href":"https:\/\/wrote.be\/fr\/wp-json\/wp\/v2\/product_tag?post=4429"}],"curies":[{"name":"wp","href":"https:\/\/api.w.org\/{rel}","templated":true}]}}