{"id":4670,"date":"2024-06-03T18:35:00","date_gmt":"2024-06-03T18:35:00","guid":{"rendered":"https:\/\/wrote.be\/catalogo\/non%20class\u00e9\/la-ferme\/"},"modified":"2024-06-03T20:54:07","modified_gmt":"2024-06-03T20:54:07","slug":"la-ferme","status":"publish","type":"product","link":"https:\/\/wrote.be\/fr\/catalogo\/livre-de-coloriage\/la-ferme\/","title":{"rendered":"La Ferme"},"content":{"rendered":"<h5>Description \u00c9tendue:<\/h5>\n<p>Bienvenue dans le merveilleux monde de la ferme! Ce livre de coloriage est sp\u00e9cialement con\u00e7u pour les enfants, afin de leur faire d\u00e9couvrir la vie des animaux et les travaux de la ferme de mani\u00e8re engageante et \u00e9ducative. <strong>Chaque page est une invitation \u00e0 explorer et \u00e0 exprimer sa cr\u00e9ativit\u00e9<\/strong> \u00e0 travers les couleurs. Les illustrations, soigneusement d\u00e9taill\u00e9es, repr\u00e9sentent des sc\u00e8nes de la vie quotidienne de la ferme, des adorables b\u00e9b\u00e9s animaux aux fermiers au travail.<\/p>\n<p><strong>Colorier n&rsquo;est pas seulement un passe-temps amusant<\/strong>, mais c&rsquo;est aussi une activit\u00e9 qui pr\u00e9sente de nombreux b\u00e9n\u00e9fices psychologiques et cognitifs pour les enfants. Cela aide \u00e0 d\u00e9velopper la <strong>coordination \u0153il-main<\/strong>, \u00e0 am\u00e9liorer la <strong>concentration<\/strong> et \u00e0 stimuler la <strong>cr\u00e9ativit\u00e9<\/strong>. Les petits artistes peuvent exp\u00e9rimenter avec les couleurs, explorer de nouvelles combinaisons et donner vie aux images avec leur imagination.<\/p>\n<p>Chaque dessin est une opportunit\u00e9 d&rsquo;apprendre quelque chose de nouveau sur les animaux de la ferme et les diverses activit\u00e9s qui se d\u00e9roulent dans cet environnement fascinant. Les enfants d\u00e9couvriront comment le grain est cultiv\u00e9, comment les animaux sont soign\u00e9s et comment fonctionnent les diff\u00e9rentes machines agricoles.<\/p>\n<p>De plus, ce livre est con\u00e7u pour \u00eatre une exp\u00e9rience partag\u00e9e: les parents peuvent y participer, en expliquant aux enfants les diff\u00e9rentes sc\u00e8nes et activit\u00e9s repr\u00e9sent\u00e9es, rendant ainsi le moment de coloriage encore plus riche et interactif.<\/p>\n<p>Rejoignez-nous dans cette aventure \u00e0 la ferme et laissez votre cr\u00e9ativit\u00e9 prendre vie avec chaque page colori\u00e9e!<\/p>\n<div style=\"margin-top: 30px; text-align: center;\"><img decoding=\"async\" style=\"margin-bottom: 10px;\" src=\"https:\/\/wrote.be\/wp-content\/uploads\/2024\/06\/ifimipiejn_FR_contentA_1.jpg\" alt=\"ifimipiejn_FR_contentA_1\" \/><\/div>\n<div style=\"text-align: center;\"><img decoding=\"async\" style=\"margin-bottom: 10px;\" src=\"https:\/\/wrote.be\/wp-content\/uploads\/2024\/06\/yytchivwfz_FR_contentA_2.jpg\" alt=\"yytchivwfz_FR_contentA_2\" \/><\/div>\n<div style=\"text-align: center;\"><img loading=\"lazy\" decoding=\"async\" class=\"size-full wp-image-3642 aligncenter\" src=\"https:\/\/wrote.be\/wp-content\/uploads\/2024\/06\/lgwaolxdsa_FR_contentA_3.jpg\" alt=\"\" width=\"970\" height=\"600\" srcset=\"https:\/\/wrote.be\/wp-content\/uploads\/2024\/06\/lgwaolxdsa_FR_contentA_3.jpg 970w, https:\/\/wrote.be\/wp-content\/uploads\/2024\/06\/lgwaolxdsa_FR_contentA_3-500x309.jpg 500w, https:\/\/wrote.be\/wp-content\/uploads\/2024\/06\/lgwaolxdsa_FR_contentA_3-300x186.jpg 300w, https:\/\/wrote.be\/wp-content\/uploads\/2024\/06\/lgwaolxdsa_FR_contentA_3-768x475.jpg 768w, https:\/\/wrote.be\/wp-content\/uploads\/2024\/06\/lgwaolxdsa_FR_contentA_3-121x75.jpg 121w, https:\/\/wrote.be\/wp-content\/uploads\/2024\/06\/lgwaolxdsa_FR_contentA_3-480x297.jpg 480w, https:\/\/wrote.be\/wp-content\/uploads\/2024\/06\/lgwaolxdsa_FR_contentA_3-800x495.jpg 800w\" sizes=\"auto, (max-width:767px) 480px, (max-width:970px) 100vw, 970px\" \/><\/div>\n","protected":false},"excerpt":{"rendered":"<p>D\u00e9couvrez la vie fascinante de la ferme avec ce livre de coloriage pour enfants! Chaque page invite les petits artistes \u00e0 explorer le monde des animaux et les travaux de la ferme. <i>Colorier<\/i> stimule la <i>cr\u00e9ativit\u00e9<\/i>, d\u00e9veloppe la <i>coordination motrice<\/i> et am\u00e9liore la <i>concentration<\/i>. Avec des dessins d\u00e9taill\u00e9s et mignons, les enfants peuvent s&rsquo;immerger dans une aventure \u00e9ducative et amusante. Chaque animal et chaque activit\u00e9 de la ferme sont repr\u00e9sent\u00e9s avec soin pour inspirer l&rsquo;imagination et offrir des heures de plaisir cr\u00e9atif. Parfait pour les petits explorateurs qui aiment d\u00e9couvrir et colorier! De plus, ce livre offre une pr\u00e9cieuse opportunit\u00e9 d&rsquo;apprendre en jouant, en d\u00e9couvrant des curiosit\u00e9s sur les animaux et les activit\u00e9s quotidiennes de la ferme. Un voyage fantastique dans le monde rural qui rendra chaque moment de coloriage unique et sp\u00e9cial.<\/p>\n","protected":false},"featured_media":3600,"comment_status":"open","ping_status":"closed","template":"","meta":{"_monsterinsights_skip_tracking":false,"_monsterinsights_sitenote_active":false,"_monsterinsights_sitenote_note":"","_monsterinsights_sitenote_category":0},"product_brand":[],"product_cat":[206],"product_tag":[],"class_list":{"0":"post-4670","1":"product","2":"type-product","3":"status-publish","4":"has-post-thumbnail","6":"product_cat-livre-de-coloriage","8":"first","9":"instock","10":"shipping-taxable","11":"product-type-external"},"_links":{"self":[{"href":"https:\/\/wrote.be\/fr\/wp-json\/wp\/v2\/product\/4670","targetHints":{"allow":["GET"]}}],"collection":[{"href":"https:\/\/wrote.be\/fr\/wp-json\/wp\/v2\/product"}],"about":[{"href":"https:\/\/wrote.be\/fr\/wp-json\/wp\/v2\/types\/product"}],"replies":[{"embeddable":true,"href":"https:\/\/wrote.be\/fr\/wp-json\/wp\/v2\/comments?post=4670"}],"wp:featuredmedia":[{"embeddable":true,"href":"https:\/\/wrote.be\/fr\/wp-json\/wp\/v2\/media\/3600"}],"wp:attachment":[{"href":"https:\/\/wrote.be\/fr\/wp-json\/wp\/v2\/media?parent=4670"}],"wp:term":[{"taxonomy":"product_brand","embeddable":true,"href":"https:\/\/wrote.be\/fr\/wp-json\/wp\/v2\/product_brand?post=4670"},{"taxonomy":"product_cat","embeddable":true,"href":"https:\/\/wrote.be\/fr\/wp-json\/wp\/v2\/product_cat?post=4670"},{"taxonomy":"product_tag","embeddable":true,"href":"https:\/\/wrote.be\/fr\/wp-json\/wp\/v2\/product_tag?post=4670"}],"curies":[{"name":"wp","href":"https:\/\/api.w.org\/{rel}","templated":true}]}}