{"id":4840,"date":"2024-06-03T19:51:09","date_gmt":"2024-06-03T19:51:09","guid":{"rendered":"https:\/\/wrote.be\/catalogo\/non%20class\u00e9\/voitures-vehicules\/"},"modified":"2024-06-03T20:44:33","modified_gmt":"2024-06-03T20:44:33","slug":"voitures-vehicules","status":"publish","type":"product","link":"https:\/\/wrote.be\/fr\/catalogo\/livre-de-coloriage\/voitures-vehicules\/","title":{"rendered":"Voitures &amp; V\u00e9hicules"},"content":{"rendered":"<h5>Plongez dans une aventure \u00e0 couper le souffle avec notre incroyable livre de coloriage sur le th\u00e8me des voitures et des v\u00e9hicules, con\u00e7u sp\u00e9cialement pour les enfants !<\/h5>\n<p>Ce volume extraordinaire offre plus de <strong>50 illustrations d\u00e9taill\u00e9es<\/strong>, toutes pr\u00eates \u00e0 \u00eatre d\u00e9couvertes et colori\u00e9es. Les jeunes artistes pourront explorer un monde rempli de voitures de course rapides, de camions puissants, de modes de transport fascinants et bien plus encore. Chaque page raconte une histoire, stimulant l&rsquo;imagination et la cr\u00e9ativit\u00e9 des jeunes lecteurs, qui pourront donner vie \u00e0 leurs r\u00eaves en coloriant des v\u00e9hicules vibrants, des circuits de course passionnants et des sc\u00e8nes urbaines anim\u00e9es.<\/p>\n<p>Parfait pour des heures de plaisir \u00e9ducatif, notre livre de coloriage sur le th\u00e8me des voitures et des v\u00e9hicules est id\u00e9al pour d\u00e9velopper des comp\u00e9tences motrices et artistiques. Les enfants pourront explorer diff\u00e9rentes techniques de coloriage et apprendre de nouvelles combinaisons de couleurs tout en s&rsquo;immergeant dans des histoires fascinantes de vitesse et d&rsquo;aventure. Les illustrations d\u00e9taill\u00e9es sont con\u00e7ues pour encourager la pr\u00e9cision et l&rsquo;attention aux d\u00e9tails, aidant les petits \u00e0 am\u00e9liorer leur concentration et leur coordination \u0153il-main.<\/p>\n<p>En plus d&rsquo;\u00eatre une source in\u00e9puisable de plaisir, ce livre de coloriage offre \u00e9galement une opportunit\u00e9 \u00e9ducative, en introduisant les enfants \u00e0 des concepts tels que les diff\u00e9rents types de v\u00e9hicules, le fonctionnement des voitures et les r\u00e8gles de s\u00e9curit\u00e9 routi\u00e8re. Un cadeau parfait pour chaque petit passionn\u00e9 de moteurs, ce livre de coloriage sera un tr\u00e9sor pr\u00e9cieux dans la biblioth\u00e8que de chaque enfant, pr\u00eat \u00e0 stimuler l&rsquo;imagination et \u00e0 offrir des heures d&rsquo;aventures cr\u00e9atives.<\/p>\n<h5>Alors, qu&rsquo;attendez-vous ?<\/h5>\n<p>Attrapez vos couleurs, pr\u00e9parez-vous \u00e0 explorer le monde des moteurs et d\u00e9couvrez le merveilleux monde des voitures et des v\u00e9hicules avec notre incroyable livre de coloriage !<\/p>\n<div style=\"margin-top: 30px; text-align: center;\"><img decoding=\"async\" style=\"margin-bottom: 10px;\" src=\"https:\/\/wrote.be\/wp-content\/uploads\/2024\/06\/krljluztus_FR_contentA_1.jpg\" alt=\"krljluztus_FR_contentA_1\" \/><\/div>\n<div style=\"text-align: center;\"><img decoding=\"async\" style=\"margin-bottom: 10px;\" src=\"https:\/\/wrote.be\/wp-content\/uploads\/2024\/06\/wlyyqgvzma_FR_contentA_2.jpg\" alt=\"wlyyqgvzma_FR_contentA_2\" \/><\/div>\n<div style=\"text-align: center;\"><img loading=\"lazy\" decoding=\"async\" class=\"size-full wp-image-3197 aligncenter\" src=\"https:\/\/wrote.be\/wp-content\/uploads\/2024\/05\/azfgwvcayg_FR_contentA_3.jpg\" alt=\"\" width=\"970\" height=\"600\" srcset=\"https:\/\/wrote.be\/wp-content\/uploads\/2024\/05\/azfgwvcayg_FR_contentA_3.jpg 970w, https:\/\/wrote.be\/wp-content\/uploads\/2024\/05\/azfgwvcayg_FR_contentA_3-500x309.jpg 500w, https:\/\/wrote.be\/wp-content\/uploads\/2024\/05\/azfgwvcayg_FR_contentA_3-300x186.jpg 300w, https:\/\/wrote.be\/wp-content\/uploads\/2024\/05\/azfgwvcayg_FR_contentA_3-768x475.jpg 768w, https:\/\/wrote.be\/wp-content\/uploads\/2024\/05\/azfgwvcayg_FR_contentA_3-121x75.jpg 121w, https:\/\/wrote.be\/wp-content\/uploads\/2024\/05\/azfgwvcayg_FR_contentA_3-480x297.jpg 480w, https:\/\/wrote.be\/wp-content\/uploads\/2024\/05\/azfgwvcayg_FR_contentA_3-800x495.jpg 800w\" sizes=\"auto, (max-width:767px) 480px, (max-width:970px) 100vw, 970px\" \/><\/div>\n","protected":false},"excerpt":{"rendered":"<p><strong><em>D\u00e9couvrez le monde passionnant des voitures et des v\u00e9hicules avec notre incroyable livre de coloriage pour enfants !<\/em><\/strong><\/p>\n<p>Avec plus de <strong>50 illustrations uniques et d\u00e9taill\u00e9es<\/strong>, les jeunes artistes pourront explorer une vaste gamme de voitures de course, de camions puissants et de modes de transport fascinants. Chaque page offre une nouvelle aventure \u00e0 colorier, stimulant la cr\u00e9ativit\u00e9 et l&rsquo;imagination.<\/p>\n<p>Id\u00e9al pour des heures de plaisir et d&rsquo;apprentissage, ce livre de coloriage est un v\u00e9ritable tr\u00e9sor que chaque petit passionn\u00e9 de moteurs voudra avoir. Parfait pour d\u00e9velopper des comp\u00e9tences motrices et artistiques et pour apprendre en s&rsquo;amusant, c&rsquo;est le cadeau id\u00e9al pour chaque jeune explorateur.<\/p>\n","protected":false},"featured_media":3155,"comment_status":"open","ping_status":"closed","template":"","meta":{"_monsterinsights_skip_tracking":false,"_monsterinsights_sitenote_active":false,"_monsterinsights_sitenote_note":"","_monsterinsights_sitenote_category":0},"product_brand":[],"product_cat":[206],"product_tag":[],"class_list":{"0":"post-4840","1":"product","2":"type-product","3":"status-publish","4":"has-post-thumbnail","6":"product_cat-livre-de-coloriage","8":"first","9":"instock","10":"shipping-taxable","11":"product-type-external"},"_links":{"self":[{"href":"https:\/\/wrote.be\/fr\/wp-json\/wp\/v2\/product\/4840","targetHints":{"allow":["GET"]}}],"collection":[{"href":"https:\/\/wrote.be\/fr\/wp-json\/wp\/v2\/product"}],"about":[{"href":"https:\/\/wrote.be\/fr\/wp-json\/wp\/v2\/types\/product"}],"replies":[{"embeddable":true,"href":"https:\/\/wrote.be\/fr\/wp-json\/wp\/v2\/comments?post=4840"}],"wp:featuredmedia":[{"embeddable":true,"href":"https:\/\/wrote.be\/fr\/wp-json\/wp\/v2\/media\/3155"}],"wp:attachment":[{"href":"https:\/\/wrote.be\/fr\/wp-json\/wp\/v2\/media?parent=4840"}],"wp:term":[{"taxonomy":"product_brand","embeddable":true,"href":"https:\/\/wrote.be\/fr\/wp-json\/wp\/v2\/product_brand?post=4840"},{"taxonomy":"product_cat","embeddable":true,"href":"https:\/\/wrote.be\/fr\/wp-json\/wp\/v2\/product_cat?post=4840"},{"taxonomy":"product_tag","embeddable":true,"href":"https:\/\/wrote.be\/fr\/wp-json\/wp\/v2\/product_tag?post=4840"}],"curies":[{"name":"wp","href":"https:\/\/api.w.org\/{rel}","templated":true}]}}