{"id":4920,"date":"2024-06-03T20:31:53","date_gmt":"2024-06-03T20:31:53","guid":{"rendered":"https:\/\/wrote.be\/catalogo\/non%20class\u00e9\/ocean\/"},"modified":"2024-06-03T20:38:41","modified_gmt":"2024-06-03T20:38:41","slug":"ocean","status":"publish","type":"product","link":"https:\/\/wrote.be\/fr\/catalogo\/livre-de-coloriage\/ocean\/","title":{"rendered":"Oc\u00e9an"},"content":{"rendered":"<h5>D\u00e9couvrez le monde fascinant des oc\u00e9ans avec notre livre de coloriage d\u00e9di\u00e9 \u00e0 la vie marine et aux aventures sous-marines<\/h5>\n<p>Cette collection exclusive, avec <strong>85 dessins m\u00e9ticuleusement s\u00e9lectionn\u00e9s \u2014 50 imprim\u00e9s et 35 disponibles via t\u00e9l\u00e9chargement num\u00e9rique<\/strong> \u2014 offre aux jeunes artistes l&rsquo;opportunit\u00e9 unique d&rsquo;explorer et de colorier une vaste gamme de cr\u00e9atures marines et de paysages sous-marins.<\/p>\n<p>Rejoignez des milliers de parents satisfaits et offrez \u00e0 vos enfants un livre qui non seulement les gardera engag\u00e9s dans des activit\u00e9s productives, mais les aidera \u00e9galement \u00e0 d\u00e9couvrir de nouvelles passions et int\u00e9r\u00eats. Chaque page \u00e0 colorier devient une le\u00e7on pr\u00e9cieuse de d\u00e9couverte et d&rsquo;imagination.<\/p>\n<p>Alors que vos enfants s&rsquo;amusent \u00e0 colorier des dauphins joueurs, des poissons exotiques et des coraux color\u00e9s, ils d\u00e9velopperont des comp\u00e9tences importantes telles que la coordination \u0153il-main, la pr\u00e9cision des mouvements et la patience. Mais ce n&rsquo;est pas tout : chaque illustration est accompagn\u00e9e d&rsquo;une br\u00e8ve description expliquant ses caract\u00e9ristiques, enrichissant le vocabulaire des enfants et leur compr\u00e9hension du monde marin.<\/p>\n<p>Id\u00e9al pour stimuler la cr\u00e9ativit\u00e9 et la curiosit\u00e9, ce livre offre \u00e9galement un moyen pour les parents et les \u00e9ducateurs de se connecter avec les enfants, en discutant des diff\u00e9rents types de cr\u00e9atures marines et des \u00e9cosyst\u00e8mes oc\u00e9aniques. C&rsquo;est parfait pour les apr\u00e8s-midis tranquilles, les longs trajets ou comme activit\u00e9 de groupe dans les salles de classe.<\/p>\n<h5>Allumez l&rsquo;imagination de votre enfant et pr\u00e9parez-vous \u00e0 explorer les oc\u00e9ans comme jamais auparavant !<\/h5>\n<p>Avec chaque page, votre petit artiste ne fera pas que colorier mais d\u00e9couvrira un monde d&rsquo;aventures.<\/p>\n<h5>Contenu Bonus Num\u00e9rique<\/h5>\n<p>Mais il y a plus ! Avec l&rsquo;achat du livre, vous d\u00e9bloquez un fantastique contenu bonus num\u00e9rique : 35 images suppl\u00e9mentaires pr\u00eates \u00e0 \u00eatre t\u00e9l\u00e9charg\u00e9es et colori\u00e9es. Ce tr\u00e9sor num\u00e9rique enrichit consid\u00e9rablement la collection, offrant encore plus d&rsquo;opportunit\u00e9s de s&rsquo;amuser et d&rsquo;apprendre. Des images vibrantes et d\u00e9taill\u00e9es attendent d&rsquo;\u00eatre d\u00e9couvertes et transform\u00e9es en \u0153uvres d&rsquo;art.<\/p>\n<h5>Ne manquez pas l&rsquo;occasion !<\/h5>\n<p>Donnez vie \u00e0 ces merveilles marines. Achetez maintenant et commencez votre voyage cr\u00e9atif avec notre livre de coloriage ! Rempli de plaisir, d&rsquo;\u00e9ducation et de cr\u00e9ativit\u00e9, c&rsquo;est le cadeau parfait pour tout jeune artiste d\u00e9sireux d&rsquo;explorer le monde des oc\u00e9ans.<\/p>\n<div style=\"margin-top: 30px; text-align: center;\"><img decoding=\"async\" style=\"margin-bottom: 10px;\" src=\"https:\/\/wrote.be\/wp-content\/uploads\/2024\/06\/qprlmgcqwj_FR_contentA_1.jpg\" alt=\"qprlmgcqwj_FR_contentA_1\" \/><\/div>\n<div style=\"text-align: center;\"><img decoding=\"async\" style=\"margin-bottom: 10px;\" src=\"https:\/\/wrote.be\/wp-content\/uploads\/2024\/06\/wydqqxoepr_FR_contentA_2.jpg\" alt=\"wydqqxoepr_FR_contentA_2\" \/><\/div>\n<div style=\"text-align: center;\"><img loading=\"lazy\" decoding=\"async\" class=\"size-full wp-image-2956 aligncenter\" src=\"https:\/\/wrote.be\/wp-content\/uploads\/2024\/05\/pucjzvgfej_FR_contentA_3.jpg\" alt=\"\" width=\"970\" height=\"600\" srcset=\"https:\/\/wrote.be\/wp-content\/uploads\/2024\/05\/pucjzvgfej_FR_contentA_3.jpg 970w, https:\/\/wrote.be\/wp-content\/uploads\/2024\/05\/pucjzvgfej_FR_contentA_3-500x309.jpg 500w, https:\/\/wrote.be\/wp-content\/uploads\/2024\/05\/pucjzvgfej_FR_contentA_3-300x186.jpg 300w, https:\/\/wrote.be\/wp-content\/uploads\/2024\/05\/pucjzvgfej_FR_contentA_3-768x475.jpg 768w, https:\/\/wrote.be\/wp-content\/uploads\/2024\/05\/pucjzvgfej_FR_contentA_3-121x75.jpg 121w, https:\/\/wrote.be\/wp-content\/uploads\/2024\/05\/pucjzvgfej_FR_contentA_3-480x297.jpg 480w, https:\/\/wrote.be\/wp-content\/uploads\/2024\/05\/pucjzvgfej_FR_contentA_3-800x495.jpg 800w\" sizes=\"auto, (max-width:767px) 480px, (max-width:970px) 100vw, 970px\" \/><\/div>\n","protected":false},"excerpt":{"rendered":"<p><strong><em>Le cadeau parfait pour les jeunes explorateurs et les amoureux de la mer !<\/em><\/strong><\/p>\n<p>D\u00e9couvrez le monde fascinant des oc\u00e9ans avec notre livre de coloriage d\u00e9di\u00e9 \u00e0 la vie marine et aux aventures sous-marines. Cliquez sur la couverture pour jeter un coup d&rsquo;\u0153il \u00e0 l&rsquo;int\u00e9rieur !<\/p>\n<p><strong>50 dessins pleine page de cr\u00e9atures marines fascinantes + 30 contenus BONUS<\/strong><\/p>\n<p>Imprim\u00e9s sur du papier blanc au format 21,0 cm x 29,7 cm (8,3 x 11,7 pouces)<\/p>\n<p>Parfaits pour \u00eatre colori\u00e9s avec des crayons de couleur, des feutres ou des stylos color\u00e9s<\/p>\n<p>Des dessins d\u00e9taill\u00e9s adapt\u00e9s aux enfants de 4 \u00e0 8 ans<\/p>\n<p>Parfait pour les anniversaires, les f\u00eates et les occasions sp\u00e9ciales !<\/p>\n<p><strong>Ne manquez pas l&rsquo;occasion d&rsquo;offrir des heures de plaisir et de cr\u00e9ativit\u00e9 \u00e0 vos petits explorateurs ! Achetez maintenant et commencez l&rsquo;aventure color\u00e9e !<\/strong><\/p>\n","protected":false},"featured_media":2909,"comment_status":"open","ping_status":"closed","template":"","meta":{"_monsterinsights_skip_tracking":false,"_monsterinsights_sitenote_active":false,"_monsterinsights_sitenote_note":"","_monsterinsights_sitenote_category":0},"product_brand":[],"product_cat":[206],"product_tag":[],"class_list":{"0":"post-4920","1":"product","2":"type-product","3":"status-publish","4":"has-post-thumbnail","6":"product_cat-livre-de-coloriage","8":"first","9":"instock","10":"shipping-taxable","11":"product-type-external"},"_links":{"self":[{"href":"https:\/\/wrote.be\/fr\/wp-json\/wp\/v2\/product\/4920","targetHints":{"allow":["GET"]}}],"collection":[{"href":"https:\/\/wrote.be\/fr\/wp-json\/wp\/v2\/product"}],"about":[{"href":"https:\/\/wrote.be\/fr\/wp-json\/wp\/v2\/types\/product"}],"replies":[{"embeddable":true,"href":"https:\/\/wrote.be\/fr\/wp-json\/wp\/v2\/comments?post=4920"}],"wp:featuredmedia":[{"embeddable":true,"href":"https:\/\/wrote.be\/fr\/wp-json\/wp\/v2\/media\/2909"}],"wp:attachment":[{"href":"https:\/\/wrote.be\/fr\/wp-json\/wp\/v2\/media?parent=4920"}],"wp:term":[{"taxonomy":"product_brand","embeddable":true,"href":"https:\/\/wrote.be\/fr\/wp-json\/wp\/v2\/product_brand?post=4920"},{"taxonomy":"product_cat","embeddable":true,"href":"https:\/\/wrote.be\/fr\/wp-json\/wp\/v2\/product_cat?post=4920"},{"taxonomy":"product_tag","embeddable":true,"href":"https:\/\/wrote.be\/fr\/wp-json\/wp\/v2\/product_tag?post=4920"}],"curies":[{"name":"wp","href":"https:\/\/api.w.org\/{rel}","templated":true}]}}