{"id":6113,"date":"2024-06-04T20:10:39","date_gmt":"2024-06-04T20:10:39","guid":{"rendered":"https:\/\/wrote.be\/catalogo\/non class\u00e9\/100-fleurs\/"},"modified":"2024-06-04T20:10:39","modified_gmt":"2024-06-04T20:10:39","slug":"100-fleurs","status":"publish","type":"product","link":"https:\/\/wrote.be\/fr\/catalogo\/coloring-book\/100-fleurs\/","title":{"rendered":"100 Fleurs"},"content":{"rendered":"<h5>\ud83c\udf38 D\u00e9couvrez le fantastique monde des fleurs avec notre livre de coloriage enchanteur \ud83c\udf37\ud83c\udf3b<\/h5>\n<p>Cette collection exclusive, avec <strong>des dessins m\u00e9ticuleusement s\u00e9lectionn\u00e9s \u2014 imprim\u00e9s et disponibles via t\u00e9l\u00e9chargement num\u00e9rique<\/strong> \u2014 offre aux amoureux des fleurs de tout \u00e2ge l&rsquo;opportunit\u00e9 unique d&rsquo;explorer et de colorier une vaste gamme de fleurs et de paysages botaniques.<\/p>\n<p>Rejoignez des milliers de personnes satisfaites et offrez-vous ou \u00e0 vos proches un livre qui ne vous tiendra pas seulement engag\u00e9s dans des activit\u00e9s relaxantes et productives, mais qui vous aidera aussi \u00e0 d\u00e9couvrir de nouvelles passions et int\u00e9r\u00eats. Chaque page \u00e0 colorier devient une le\u00e7on pr\u00e9cieuse de d\u00e9couverte et d&rsquo;imagination. \ud83c\udf1f<\/p>\n<p>Alors que vous vous amusez \u00e0 colorier des roses \u00e9l\u00e9gantes, des tulipes vibrantes et des champs de tournesols, vous d\u00e9velopperez des comp\u00e9tences importantes telles que la coordination \u0153il-main, la pr\u00e9cision des mouvements et la patience. Mais ce n&rsquo;est pas tout : chaque illustration est accompagn\u00e9e d&rsquo;une br\u00e8ve description expliquant ses caract\u00e9ristiques, enrichissant le vocabulaire et la compr\u00e9hension du monde botanique. \ud83d\udcd6\u2728<\/p>\n<p>Id\u00e9al pour stimuler la cr\u00e9ativit\u00e9 et la curiosit\u00e9, ce livre offre \u00e9galement un moyen pour les parents et les enfants, les enseignants et les \u00e9l\u00e8ves de se connecter, en discutant des diff\u00e9rents types de fleurs et de leurs habitats. C&rsquo;est parfait pour les apr\u00e8s-midis tranquilles, les longs voyages ou les activit\u00e9s de groupe. \ud83c\udfde\ufe0f\ud83c\udf3a<\/p>\n<h5>\u2728 Allumez votre imagination et pr\u00e9parez-vous \u00e0 explorer le fantastique monde des fleurs comme jamais auparavant ! \u2728<\/h5>\n<p>Avec chaque page, vous ne ferez pas que colorier mais d\u00e9couvrirez un monde de beaut\u00e9 et de tranquillit\u00e9. \ud83c\udf3c<\/p>\n<h5>\ud83c\udf1f Contenu Bonus Num\u00e9rique \ud83c\udf1f<\/h5>\n<p>Mais il y a plus ! Avec l&rsquo;achat du livre, vous d\u00e9bloquez un fantastique contenu bonus num\u00e9rique : des images suppl\u00e9mentaires pr\u00eates \u00e0 \u00eatre t\u00e9l\u00e9charg\u00e9es et colori\u00e9es. Ce tr\u00e9sor num\u00e9rique enrichit consid\u00e9rablement la collection, offrant encore plus d&rsquo;opportunit\u00e9s de s&rsquo;amuser et de se d\u00e9tendre. Des images vibrantes et d\u00e9taill\u00e9es attendent d&rsquo;\u00eatre d\u00e9couvertes et transform\u00e9es en \u0153uvres d&rsquo;art. \ud83d\uddbc\ufe0f\u2728<\/p>\n<h5>Ne manquez pas l&rsquo;occasion !<\/h5>\n<p>Donnez vie \u00e0 ces fleurs merveilleuses. Achetez maintenant et commencez votre voyage cr\u00e9atif avec notre livre de coloriage ! Rempli de plaisir, d&rsquo;\u00e9ducation et de cr\u00e9ativit\u00e9, c&rsquo;est le cadeau parfait pour tous ceux qui souhaitent explorer le monde des fleurs. \ud83c\udfa8\u2728<\/p>\n<div style=\"margin-top: 30px;text-align: center\"><img decoding=\"async\" src=\"https:\/\/wrote.be\/wp-content\/uploads\/2024\/06\/ejfbzklnci_FR_contentA_1.jpg\" alt=\"ejfbzklnci_FR_contentA_1\" style=\"margin-bottom: 10px\" \/><\/div>\n<div style=\"text-align: center\"><img decoding=\"async\" src=\"https:\/\/wrote.be\/wp-content\/uploads\/2024\/06\/kylloxadkt_FR_contentA_2.jpg\" alt=\"kylloxadkt_FR_contentA_2\" style=\"margin-bottom: 10px\" \/><\/div>\n<div style=\"text-align: center\"><img decoding=\"async\" src=\"https:\/\/wrote.be\/wp-content\/uploads\/2024\/06\/mgecvufjnl_FR_contentA_3.jpg\" alt=\"mgecvufjnl_FR_contentA_3\" style=\"margin-bottom: 10px\" \/><\/div>\n","protected":false},"excerpt":{"rendered":"<p><strong><em>\ud83c\udf38 Le cadeau parfait pour les amoureux des fleurs de tout \u00e2ge ! \ud83c\udf3c<\/em><\/strong><\/p>\n<p>D\u00e9couvrez le monde fascinant des fleurs avec notre livre de coloriage enchanteur. Cliquez sur la couverture pour jeter un coup d&rsquo;\u0153il \u00e0 l&rsquo;int\u00e9rieur ! \ud83c\udf37\ud83c\udf3b<\/p>\n<p><strong>Des dessins pleine page de fleurs merveilleuses + contenus BONUS \u2728<\/strong><\/p>\n<p>Imprim\u00e9s sur du papier blanc au format 21,0 cm x 29,7 cm (8,3 x 11,7 pouces)<\/p>\n<p>Parfaits pour \u00eatre colori\u00e9s avec des crayons de couleur, des feutres ou des stylos color\u00e9s<\/p>\n<p>Adapt\u00e9s \u00e0 tout \u00e2ge, des enfants aux adultes<\/p>\n<p>Parfait pour les anniversaires, les f\u00eates et les occasions sp\u00e9ciales ! \ud83c\udf89\ud83c\udf81<\/p>\n<p><strong>Ne manquez pas l&rsquo;occasion d&rsquo;offrir des heures de d\u00e9tente et de cr\u00e9ativit\u00e9 ! Achetez maintenant et commencez l&rsquo;aventure color\u00e9e ! \ud83c\udf3c\ud83c\udf38<\/strong><\/p>\n","protected":false},"featured_media":5943,"comment_status":"open","ping_status":"closed","template":"","meta":{"_monsterinsights_skip_tracking":false,"_monsterinsights_sitenote_active":false,"_monsterinsights_sitenote_note":"","_monsterinsights_sitenote_category":0},"product_brand":[],"product_cat":[219],"product_tag":[],"class_list":{"0":"post-6113","1":"product","2":"type-product","3":"status-publish","4":"has-post-thumbnail","6":"product_cat-coloring-book","8":"first","9":"instock","10":"shipping-taxable","11":"product-type-external"},"_links":{"self":[{"href":"https:\/\/wrote.be\/fr\/wp-json\/wp\/v2\/product\/6113","targetHints":{"allow":["GET"]}}],"collection":[{"href":"https:\/\/wrote.be\/fr\/wp-json\/wp\/v2\/product"}],"about":[{"href":"https:\/\/wrote.be\/fr\/wp-json\/wp\/v2\/types\/product"}],"replies":[{"embeddable":true,"href":"https:\/\/wrote.be\/fr\/wp-json\/wp\/v2\/comments?post=6113"}],"wp:featuredmedia":[{"embeddable":true,"href":"https:\/\/wrote.be\/fr\/wp-json\/wp\/v2\/media\/5943"}],"wp:attachment":[{"href":"https:\/\/wrote.be\/fr\/wp-json\/wp\/v2\/media?parent=6113"}],"wp:term":[{"taxonomy":"product_brand","embeddable":true,"href":"https:\/\/wrote.be\/fr\/wp-json\/wp\/v2\/product_brand?post=6113"},{"taxonomy":"product_cat","embeddable":true,"href":"https:\/\/wrote.be\/fr\/wp-json\/wp\/v2\/product_cat?post=6113"},{"taxonomy":"product_tag","embeddable":true,"href":"https:\/\/wrote.be\/fr\/wp-json\/wp\/v2\/product_tag?post=6113"}],"curies":[{"name":"wp","href":"https:\/\/api.w.org\/{rel}","templated":true}]}}