{"id":6334,"date":"2024-06-05T16:46:43","date_gmt":"2024-06-05T16:46:43","guid":{"rendered":"https:\/\/wrote.be\/catalogo\/non%20class\u00e9\/animaux-pour-enfants\/"},"modified":"2024-06-05T16:49:43","modified_gmt":"2024-06-05T16:49:43","slug":"animaux-pour-enfants","status":"publish","type":"product","link":"https:\/\/wrote.be\/fr\/catalogo\/livre-de-coloriage\/animaux-pour-enfants\/","title":{"rendered":"Animaux pour Enfants"},"content":{"rendered":"<p><strong>\u2728 Le cadeau parfait pour les petits artistes d\u00e9couvrant le monde des couleurs ! \ud83c\udfa8\u2728<\/strong><\/p>\n<p>Pr\u00eat \u00e0 faire d\u00e9couvrir le monde magique des couleurs \u00e0 vos enfants ? D\u00e9couvrez notre livre de coloriage sp\u00e9cialement con\u00e7u pour les enfants de 1 \u00e0 3 ans, avec des images simples et amusantes d&rsquo;animaux ! Jetez un coup d&rsquo;\u0153il en cliquant sur la couverture ! \ud83c\udfa8\ud83d\udc40<\/p>\n<p><strong>\ud83c\udf81 Contenu BONUS :<\/strong> Avec votre achat, obtenez 51 illustrations suppl\u00e9mentaires \u00e0 t\u00e9l\u00e9charger, pour un total de 102 illustrations simples et amusantes \u00e0 colorier ! Le contenu BONUS comprend des images d&rsquo;objets, de nourriture et d&rsquo;autres animaux, parfaites pour stimuler la curiosit\u00e9 et l&rsquo;apprentissage des jeunes enfants. \ud83d\udcf2\ud83d\udce5<\/p>\n<h5>\u00c0 propos de ce livre de coloriage pour tout-petits :<\/h5>\n<p>\ud83d\udd8d\ufe0f 51 images simples et amusantes d&rsquo;animaux, id\u00e9ales pour les jeunes enfants qui commencent \u00e0 colorier<\/p>\n<p>\ud83d\udcdd Imprim\u00e9es sur du papier blanc de haute qualit\u00e9 au format grand 21,0 cm x 29,7 cm (8,3 x 11,7 pouces)<\/p>\n<p>\ud83d\udd8d\ufe0f Parfaites pour \u00eatre colori\u00e9es avec des crayons de cire, des crayons de couleur ou des feutres lavables<\/p>\n<p>\ud83d\udc76 Divers dessins incluant des animaux, des objets et des aliments, parfaits pour stimuler la curiosit\u00e9 et l&rsquo;apprentissage des enfants<\/p>\n<h5>Ne manquez pas l&rsquo;occasion !<\/h5>\n<p>Apportez des heures de plaisir et de cr\u00e9ativit\u00e9 \u00e0 vos petits artistes ! Achetez maintenant et commencez l&rsquo;aventure color\u00e9e avec notre livre pour apprendre \u00e0 colorier ! \ud83d\uded2\ud83c\udf08<\/p>\n<h5>\ud83c\udf1f Une id\u00e9e cadeau parfaite pour les anniversaires, les f\u00eates et toute occasion sp\u00e9ciale ! \ud83c\udf1f<\/h5>\n<div style=\"margin-top: 30px; text-align: center;\"><img decoding=\"async\" style=\"margin-bottom: 10px;\" src=\"https:\/\/wrote.be\/wp-content\/uploads\/2024\/06\/sgugymiknx_FR_contentA_1.jpg\" alt=\"sgugymiknx_FR_contentA_1\" \/><\/div>\n<div style=\"text-align: center;\"><img decoding=\"async\" style=\"margin-bottom: 10px;\" src=\"https:\/\/wrote.be\/wp-content\/uploads\/2024\/06\/lhoselnnha_FR_contentA_2.jpg\" alt=\"lhoselnnha_FR_contentA_2\" \/><\/div>\n<div style=\"text-align: center;\"><img decoding=\"async\" style=\"margin-bottom: 10px;\" src=\"https:\/\/wrote.be\/wp-content\/uploads\/2024\/06\/ulutknrbwp_FR_contentA_3.jpg\" alt=\"ulutknrbwp_FR_contentA_3\" \/><\/div>\n","protected":false},"excerpt":{"rendered":"<p><strong><em>\u2728 Le cadeau parfait pour les petits artistes d\u00e9couvrant le monde des couleurs ! \ud83c\udfa8\u2728<\/em><\/strong><\/p>\n<p>Pr\u00eat \u00e0 faire d\u00e9couvrir le monde magique des couleurs \u00e0 vos enfants ? D\u00e9couvrez notre livre de coloriage sp\u00e9cialement con\u00e7u pour les enfants de 1 \u00e0 3 ans, avec des images simples et amusantes d&rsquo;animaux ! Jetez un coup d&rsquo;\u0153il en cliquant sur la couverture ! \ud83c\udfa8\ud83d\udc40<\/p>\n<p><strong>Ne manquez pas l&rsquo;occasion d&rsquo;offrir des heures de plaisir et de cr\u00e9ativit\u00e9 \u00e0 vos petits artistes ! Achetez maintenant et commencez l&rsquo;aventure color\u00e9e avec notre livre pour apprendre \u00e0 colorier ! \ud83d\uded2\ud83c\udf08<\/strong><\/p>\n<p><strong>\ud83c\udf1f Une id\u00e9e cadeau parfaite pour les anniversaires, les f\u00eates et toute occasion sp\u00e9ciale ! \ud83c\udf1f<\/strong><\/p>\n","protected":false},"featured_media":6217,"comment_status":"open","ping_status":"closed","template":"","meta":{"_monsterinsights_skip_tracking":false,"_monsterinsights_sitenote_active":false,"_monsterinsights_sitenote_note":"","_monsterinsights_sitenote_category":0},"product_brand":[],"product_cat":[206],"product_tag":[],"class_list":{"0":"post-6334","1":"product","2":"type-product","3":"status-publish","4":"has-post-thumbnail","6":"product_cat-livre-de-coloriage","8":"first","9":"instock","10":"shipping-taxable","11":"product-type-external"},"_links":{"self":[{"href":"https:\/\/wrote.be\/fr\/wp-json\/wp\/v2\/product\/6334","targetHints":{"allow":["GET"]}}],"collection":[{"href":"https:\/\/wrote.be\/fr\/wp-json\/wp\/v2\/product"}],"about":[{"href":"https:\/\/wrote.be\/fr\/wp-json\/wp\/v2\/types\/product"}],"replies":[{"embeddable":true,"href":"https:\/\/wrote.be\/fr\/wp-json\/wp\/v2\/comments?post=6334"}],"wp:featuredmedia":[{"embeddable":true,"href":"https:\/\/wrote.be\/fr\/wp-json\/wp\/v2\/media\/6217"}],"wp:attachment":[{"href":"https:\/\/wrote.be\/fr\/wp-json\/wp\/v2\/media?parent=6334"}],"wp:term":[{"taxonomy":"product_brand","embeddable":true,"href":"https:\/\/wrote.be\/fr\/wp-json\/wp\/v2\/product_brand?post=6334"},{"taxonomy":"product_cat","embeddable":true,"href":"https:\/\/wrote.be\/fr\/wp-json\/wp\/v2\/product_cat?post=6334"},{"taxonomy":"product_tag","embeddable":true,"href":"https:\/\/wrote.be\/fr\/wp-json\/wp\/v2\/product_tag?post=6334"}],"curies":[{"name":"wp","href":"https:\/\/api.w.org\/{rel}","templated":true}]}}